{"id":19,"date":"2015-07-26T19:19:55","date_gmt":"2015-07-26T18:19:55","guid":{"rendered":"http:\/\/sfs.snv.jussieu.fr\/\/?page_id=19"},"modified":"2015-07-28T21:46:34","modified_gmt":"2015-07-28T20:46:34","slug":"la-sfs","status":"publish","type":"page","link":"https:\/\/sfs.infosyslab.fr\/index.php\/la-sfs\/","title":{"rendered":"La SFS"},"content":{"rendered":"<p>Cr\u00e9e en 1984, la Soci\u00e9t\u00e9 Fran\u00e7aise de Syst\u00e9matique se donne pour but de promouvoir l&#8217;\u00e9tude scientifique des organismes dans leur diversit\u00e9, de leur \u00e9volution dans l&#8217;espace et le temps et des classifications traduisant leurs rapports mutuels.<br \/>\nElle veillera \u00e0 :<br \/>\n\u2022 faciliter les rapports entre les syst\u00e9maticiens de toutes sp\u00e9cialit\u00e9s de la biologie et de la pal\u00e9ontologie.<br \/>\n\u2022 encourager les \u00e9changes d&#8217;informations et la diffusion des connaissances sur la syst\u00e9matique.<br \/>\n\u2022 promouvoir la syst\u00e9matique dans ses aspects th\u00e9oriques et pratiques au sein de la recherche et de l&#8217;enseignement.<br \/>\n\u2022 repr\u00e9senter la syst\u00e9matique aupr\u00e8s des pouvoirs publics et des organismes nationaux et internationaux publics et priv\u00e9s.<\/p>\n","protected":false},"excerpt":{"rendered":"<p>Cr\u00e9e en 1984, la Soci\u00e9t\u00e9 Fran\u00e7aise de Syst\u00e9matique se donne pour but de promouvoir l&#8217;\u00e9tude scientifique des organismes dans leur diversit\u00e9, de leur \u00e9volution dans l&#8217;espace et le temps et des classifications traduisant leurs rapports mutuels. Elle veillera \u00e0 : \u2022 faciliter les rapports entre les syst\u00e9maticiens de toutes sp\u00e9cialit\u00e9s de la biologie et de [&hellip;]<\/p>\n","protected":false},"author":1,"featured_media":0,"parent":0,"menu_order":0,"comment_status":"closed","ping_status":"open","template":"","meta":{"_monsterinsights_skip_tracking":false,"_monsterinsights_sitenote_active":false,"_monsterinsights_sitenote_note":"","_monsterinsights_sitenote_category":0,"footnotes":""},"class_list":["post-19","page","type-page","status-publish","hentry"],"_links":{"self":[{"href":"https:\/\/sfs.infosyslab.fr\/index.php\/wp-json\/wp\/v2\/pages\/19","targetHints":{"allow":["GET"]}}],"collection":[{"href":"https:\/\/sfs.infosyslab.fr\/index.php\/wp-json\/wp\/v2\/pages"}],"about":[{"href":"https:\/\/sfs.infosyslab.fr\/index.php\/wp-json\/wp\/v2\/types\/page"}],"author":[{"embeddable":true,"href":"https:\/\/sfs.infosyslab.fr\/index.php\/wp-json\/wp\/v2\/users\/1"}],"replies":[{"embeddable":true,"href":"https:\/\/sfs.infosyslab.fr\/index.php\/wp-json\/wp\/v2\/comments?post=19"}],"version-history":[{"count":1,"href":"https:\/\/sfs.infosyslab.fr\/index.php\/wp-json\/wp\/v2\/pages\/19\/revisions"}],"predecessor-version":[{"id":20,"href":"https:\/\/sfs.infosyslab.fr\/index.php\/wp-json\/wp\/v2\/pages\/19\/revisions\/20"}],"wp:attachment":[{"href":"https:\/\/sfs.infosyslab.fr\/index.php\/wp-json\/wp\/v2\/media?parent=19"}],"curies":[{"name":"wp","href":"https:\/\/api.w.org\/{rel}","templated":true}]}}