{"id":21,"date":"2015-07-26T19:22:11","date_gmt":"2015-07-26T18:22:11","guid":{"rendered":"http:\/\/sfs.snv.jussieu.fr\/\/?page_id=21"},"modified":"2025-12-23T12:58:14","modified_gmt":"2025-12-23T11:58:14","slug":"membres-du-conseil","status":"publish","type":"page","link":"https:\/\/sfs.infosyslab.fr\/index.php\/membres-du-conseil\/","title":{"rendered":"Membres du conseil"},"content":{"rendered":"<div class=\"clear-block\">\n<div id=\"node-21\" class=\"node\">\n<div class=\"content clear-block\">\n<p style=\"text-align: center;\"><a href=\"https:\/\/sfs.infosyslab.fr\/wp-content\/uploads\/2015\/07\/MG_6546.jpg\"><img loading=\"lazy\" decoding=\"async\" class=\" wp-image-621 aligncenter\" src=\"https:\/\/sfs.infosyslab.fr\/wp-content\/uploads\/2015\/07\/MG_6546-1024x684.jpg\" alt=\"\" width=\"292\" height=\"195\" srcset=\"https:\/\/sfs.infosyslab.fr\/wp-content\/uploads\/2015\/07\/MG_6546-1024x684.jpg 1024w, https:\/\/sfs.infosyslab.fr\/wp-content\/uploads\/2015\/07\/MG_6546-300x200.jpg 300w, https:\/\/sfs.infosyslab.fr\/wp-content\/uploads\/2015\/07\/MG_6546-768x513.jpg 768w\" sizes=\"auto, (max-width: 292px) 100vw, 292px\" \/><\/a><\/p>\n<p style=\"text-align: center;\"><strong>J\u00e9r\u00e9mie Bardin (Pr\u00e9sident)<\/strong><br \/>Sorbonne Universit\u00e9<br \/>UMR 7207 CR2P CNRS MNHN SU<br \/>4 Place Jussieu, 5\u00e8me \u00e9tage, couloir 56-46, bureau 512<br \/>Case 104, 75005 Paris, France<br \/>T\u00e9l. : +33 (0)1 44 27 51 77<br \/><a href=\"mailto:jeremie.bardin@sorbonne-universite.fr\">jeremie.bardin@sorbonne-universite.fr<\/a><\/p>\n<p style=\"text-align: center;\"><img loading=\"lazy\" decoding=\"async\" class=\"wp-image-753 aligncenter\" src=\"https:\/\/sfs.infosyslab.fr\/wp-content\/uploads\/2020\/12\/2016-03-31_NouvellesAvancees_PFretault_-1024x691.jpg\" alt=\"\" width=\"321\" height=\"217\" srcset=\"https:\/\/sfs.infosyslab.fr\/wp-content\/uploads\/2020\/12\/2016-03-31_NouvellesAvancees_PFretault_-1024x691.jpg 1024w, https:\/\/sfs.infosyslab.fr\/wp-content\/uploads\/2020\/12\/2016-03-31_NouvellesAvancees_PFretault_-300x202.jpg 300w, https:\/\/sfs.infosyslab.fr\/wp-content\/uploads\/2020\/12\/2016-03-31_NouvellesAvancees_PFretault_-768x518.jpg 768w, https:\/\/sfs.infosyslab.fr\/wp-content\/uploads\/2020\/12\/2016-03-31_NouvellesAvancees_PFretault_.jpg 1468w\" sizes=\"auto, (max-width: 321px) 100vw, 321px\" \/><\/p>\n<p style=\"text-align: center;\"><strong>Guillaume Lecointre (Vice-Pr\u00e9sident)<\/strong><br \/>Mus\u00e9um national d&#8217;Histoire naturelle<br \/>ISYEB UMR 7205 &#8211; CR2P (8 rue Buffon)<br \/>Case postale 24, 57 rue Cuvier, 75005 Paris<br \/>T\u00e9l.: +33 (0)1 40 79 37 51<br \/><a href=\"mailto:guillaume.lecointre@mnhn.fr\">guillaume.lecointre@mnhn.fr<\/a><\/p>\n<p style=\"text-align: center;\"><a href=\"https:\/\/sfs.infosyslab.fr\/wp-content\/uploads\/2023\/09\/photo2.jpg\"><img loading=\"lazy\" decoding=\"async\" class=\"alignnone  wp-image-1039\" src=\"https:\/\/sfs.infosyslab.fr\/wp-content\/uploads\/2023\/09\/photo2-932x1024.jpg\" alt=\"\" width=\"175\" height=\"192\" srcset=\"https:\/\/sfs.infosyslab.fr\/wp-content\/uploads\/2023\/09\/photo2-932x1024.jpg 932w, https:\/\/sfs.infosyslab.fr\/wp-content\/uploads\/2023\/09\/photo2-273x300.jpg 273w, https:\/\/sfs.infosyslab.fr\/wp-content\/uploads\/2023\/09\/photo2-768x844.jpg 768w, https:\/\/sfs.infosyslab.fr\/wp-content\/uploads\/2023\/09\/photo2.jpg 972w\" sizes=\"auto, (max-width: 175px) 100vw, 175px\" \/><\/a><\/p>\n<p style=\"text-align: center;\"><strong>Mathieu Faure-Brac\u00a0 (Secr\u00e9taire g\u00e9n\u00e9ral)<br \/><\/strong>Naturhistorisk museum, avdeling \u00d8kern,<br \/>Kabelgata 40, 0580 Oslo (Norv\u00e8ge)<br \/>T\u00e9l.: +33 (0)6 32 27 87 54<br \/><a style=\"line-height: 1.8;\" href=\"mailto:faurebrac.mathieu@gmail.com\" target=\"_blank\" rel=\"noopener noreferrer\">faurebrac.mathieu@gmail.com<\/a><\/p>\n<p style=\"text-align: center;\"><a href=\"https:\/\/sfs.infosyslab.fr\/wp-content\/uploads\/2023\/09\/Photo_PZ_1-1.jpg\"><img loading=\"lazy\" decoding=\"async\" class=\"alignnone  wp-image-1019\" src=\"https:\/\/sfs.infosyslab.fr\/wp-content\/uploads\/2023\/09\/Photo_PZ_1-1.jpg\" alt=\"\" width=\"185\" height=\"183\" srcset=\"https:\/\/sfs.infosyslab.fr\/wp-content\/uploads\/2023\/09\/Photo_PZ_1-1.jpg 733w, https:\/\/sfs.infosyslab.fr\/wp-content\/uploads\/2023\/09\/Photo_PZ_1-1-300x296.jpg 300w\" sizes=\"auto, (max-width: 185px) 100vw, 185px\" \/><\/a><\/p>\n<p style=\"text-align: center;\"><strong>Paul Zaharias (Secr\u00e9taire adjoint)<br \/><\/strong>Mus\u00e9um national d&#8217;Histoire naturelle<br \/>UMR 7205, ISYEB<br \/>43 rue Cuvier, 75005 Paris<br \/><a href=\"mailto:paul.zaharias@mnhn.fr\">paul.zaharias@mnhn.fr<\/a><\/p>\n<div class=\"content clear-block\" style=\"text-align: center;\">\n<p style=\"text-align: center;\"><a href=\"https:\/\/sfs.infosyslab.fr\/wp-content\/uploads\/2023\/09\/Barriel5-scaled.jpg\"><img loading=\"lazy\" decoding=\"async\" class=\"alignnone  wp-image-1046\" src=\"https:\/\/sfs.infosyslab.fr\/wp-content\/uploads\/2023\/09\/Barriel5-1024x1024.jpg\" alt=\"\" width=\"192\" height=\"192\" srcset=\"https:\/\/sfs.infosyslab.fr\/wp-content\/uploads\/2023\/09\/Barriel5-1024x1024.jpg 1024w, https:\/\/sfs.infosyslab.fr\/wp-content\/uploads\/2023\/09\/Barriel5-300x300.jpg 300w, https:\/\/sfs.infosyslab.fr\/wp-content\/uploads\/2023\/09\/Barriel5-150x150.jpg 150w, https:\/\/sfs.infosyslab.fr\/wp-content\/uploads\/2023\/09\/Barriel5-768x768.jpg 768w, https:\/\/sfs.infosyslab.fr\/wp-content\/uploads\/2023\/09\/Barriel5-1536x1536.jpg 1536w, https:\/\/sfs.infosyslab.fr\/wp-content\/uploads\/2023\/09\/Barriel5-2048x2048.jpg 2048w\" sizes=\"auto, (max-width: 192px) 100vw, 192px\" \/><\/a><br \/><strong>V\u00e9ronique Barriel (Tr\u00e9sori\u00e8re)<\/strong><br \/>Mus\u00e9um national d&#8217;Histoire naturelle<br \/>UMR 7207 CR2P CNRS MNHN SU<br \/>Case postale 38, 57 rue Cuvier, 75231 Paris Cedex 05<br \/>T\u00e9l. : +33 (0)1 40 79 31 71<br \/><a href=\"mailto:veronique.barriel@mnhn.fr\">veronique.barriel@mnhn.fr<\/a><\/p>\n<p>\u00a0<\/p>\n<p><a href=\"https:\/\/sfs.infosyslab.fr\/wp-content\/uploads\/2020\/12\/Portrait-Nico.png\"><img loading=\"lazy\" decoding=\"async\" class=\"alignnone  wp-image-746\" src=\"https:\/\/sfs.infosyslab.fr\/wp-content\/uploads\/2020\/12\/Portrait-Nico.png\" alt=\"\" width=\"223\" height=\"223\" srcset=\"https:\/\/sfs.infosyslab.fr\/wp-content\/uploads\/2020\/12\/Portrait-Nico.png 300w, https:\/\/sfs.infosyslab.fr\/wp-content\/uploads\/2020\/12\/Portrait-Nico-150x150.png 150w\" sizes=\"auto, (max-width: 223px) 100vw, 223px\" \/><\/a><\/p>\n<\/div>\n<p style=\"text-align: center;\"><strong>Nicolas Puillandre (Tr\u00e9sorier adjoint)<br \/><\/strong>Mus\u00e9um national d&#8217;Histoire naturelle<br \/>UMR 7205, ISYEB<br \/>43 rue Cuvier, 75005 Paris<strong><br \/><\/strong>T\u00e9l.: + 33 (0)1 40 79 31 66<br \/><span class=\"m_-4004492742394493807gmail-MsoHyperlink\"><a href=\"mailto:puillandre@mnhn.fr\" target=\"_blank\" rel=\"noopener noreferrer\">puillandre@mnhn.fr<\/a><\/span><\/p>\n<p>\u00a0<\/p>\n<p style=\"text-align: center;\"><a href=\"https:\/\/sfs.infosyslab.fr\/wp-content\/uploads\/2023\/09\/photo-identite\u0301.jpg\"><img loading=\"lazy\" decoding=\"async\" class=\"alignnone  wp-image-1020\" src=\"https:\/\/sfs.infosyslab.fr\/wp-content\/uploads\/2023\/09\/photo-identite\u0301.jpg\" alt=\"\" width=\"168\" height=\"195\" srcset=\"https:\/\/sfs.infosyslab.fr\/wp-content\/uploads\/2023\/09\/photo-identite\u0301.jpg 709w, https:\/\/sfs.infosyslab.fr\/wp-content\/uploads\/2023\/09\/photo-identite\u0301-257x300.jpg 257w\" sizes=\"auto, (max-width: 168px) 100vw, 168px\" \/><\/a><\/p>\n<p style=\"text-align: center;\"><strong>Bouziane Khalloufi (Responsable bulletin et publications)<\/strong><br \/>PA GSMI, Universit\u00e9 Mohammed VI Polytechnique<br \/>Benguerir, Maroc<br \/><a href=\"mailto:khalloufi.bouziane@hotmail.fr\">khalloufi.bouziane@hotmail.fr\u00a0<\/a><\/p>\n<p>\u00a0<\/p>\n<div class=\"content clear-block\" style=\"text-align: center;\"><a href=\"https:\/\/sfs.infosyslab.fr\/wp-content\/uploads\/2020\/12\/DSC_0779_1.jpg\"><img loading=\"lazy\" decoding=\"async\" class=\" wp-image-772 aligncenter\" src=\"https:\/\/sfs.infosyslab.fr\/wp-content\/uploads\/2020\/12\/DSC_0779_1-954x1024.jpg\" alt=\"\" width=\"210\" height=\"226\" srcset=\"https:\/\/sfs.infosyslab.fr\/wp-content\/uploads\/2020\/12\/DSC_0779_1-954x1024.jpg 954w, https:\/\/sfs.infosyslab.fr\/wp-content\/uploads\/2020\/12\/DSC_0779_1-280x300.jpg 280w, https:\/\/sfs.infosyslab.fr\/wp-content\/uploads\/2020\/12\/DSC_0779_1-768x824.jpg 768w, https:\/\/sfs.infosyslab.fr\/wp-content\/uploads\/2020\/12\/DSC_0779_1.jpg 982w\" sizes=\"auto, (max-width: 210px) 100vw, 210px\" \/><\/a>\n<p>\u00a0<\/p>\n<p style=\"text-align: center;\"><strong>Art\u00e9mis Korniliou (Responsable communication et site web)<\/strong><br \/>UMR 8590, IHPST<br \/>Universit\u00e9 Paris 1 Panth\u00e9on-Sorbonne<a href=\"http:\/\/sfs.snv.jussieu.fr\/wp-content\/uploads\/2020\/12\/DSC_0779_1.jpg\"><br \/><\/a><a href=\"mailto:art.korni@gmail.com\">art.korni@gmail.com<\/a><\/p>\n<p>\u00a0<\/p>\n<h3 style=\"text-align: center;\">Conseillers<\/h3>\n<p><a href=\"https:\/\/sfs.infosyslab.fr\/wp-content\/uploads\/2025\/12\/Nicolas_Bekkouche_photo.png\"><img loading=\"lazy\" decoding=\"async\" class=\"wp-image-1263 aligncenter\" src=\"https:\/\/sfs.infosyslab.fr\/wp-content\/uploads\/2025\/12\/Nicolas_Bekkouche_photo.png\" alt=\"\" width=\"185\" height=\"214\" srcset=\"https:\/\/sfs.infosyslab.fr\/wp-content\/uploads\/2025\/12\/Nicolas_Bekkouche_photo.png 623w, https:\/\/sfs.infosyslab.fr\/wp-content\/uploads\/2025\/12\/Nicolas_Bekkouche_photo-259x300.png 259w\" sizes=\"auto, (max-width: 185px) 100vw, 185px\" \/><\/a><br \/><strong>Nicolas Bekkouche (Conseiller)<\/strong><br \/>Sorbonne Universit\u00e9<br \/>UMR 8067, BOREA<br \/>Case postale 26, 43 rue Cuvier, 75005 Paris<br \/>T\u00e9l. : +33(0)144273995<br \/><a href=\"mailto:nicolas.bekkouche@hotmail.fr\">nicolas.bekkouche@hotmail.fr<\/a><\/p>\n<\/div>\n<div style=\"text-align: center;\"><a href=\"https:\/\/sfs.infosyslab.fr\/wp-content\/uploads\/2020\/12\/MOI_2016_PicosEuropa.jpg\"><img loading=\"lazy\" decoding=\"async\" class=\" wp-image-792 aligncenter\" src=\"https:\/\/sfs.infosyslab.fr\/wp-content\/uploads\/2020\/12\/MOI_2016_PicosEuropa.jpg\" alt=\"\" width=\"232\" height=\"210\" srcset=\"https:\/\/sfs.infosyslab.fr\/wp-content\/uploads\/2020\/12\/MOI_2016_PicosEuropa.jpg 844w, https:\/\/sfs.infosyslab.fr\/wp-content\/uploads\/2020\/12\/MOI_2016_PicosEuropa-300x272.jpg 300w, https:\/\/sfs.infosyslab.fr\/wp-content\/uploads\/2020\/12\/MOI_2016_PicosEuropa-768x695.jpg 768w\" sizes=\"auto, (max-width: 232px) 100vw, 232px\" \/><\/a>\n<p>\u00a0<\/p>\n<p><strong style=\"color: initial; font-family: -apple-system, BlinkMacSystemFont, 'Segoe UI', Roboto, Oxygen-Sans, Ubuntu, Cantarell, 'Helvetica Neue', sans-serif;\">Guillaume Billet (Conseiller)<\/strong><\/p>\n<\/div>\n<div class=\"content clear-block\" style=\"text-align: center;\">Mus\u00e9um national d&#8217;Histoire naturelle<br \/>UMR 7207 CR2P CNRS MNHN SU<br \/>Case postale 38, 57 rue Cuvier, 75231 Paris Cedex 05<br \/>T\u00e9l. : +33 (0)1 40 79 38 14<br \/><a href=\"mailto:guillaume.billet@mnhn.fr\">guillaume.billet@mnhn.fr<\/a>\n<p>\u00a0<\/p>\n<p><a href=\"https:\/\/sfs.infosyslab.fr\/wp-content\/uploads\/2025\/12\/Laetitia_Carrive_photo-scaled.jpg\"><img loading=\"lazy\" decoding=\"async\" class=\"wp-image-1262 aligncenter\" src=\"https:\/\/sfs.infosyslab.fr\/wp-content\/uploads\/2025\/12\/Laetitia_Carrive_photo-768x1024.jpg\" alt=\"\" width=\"178\" height=\"238\" srcset=\"https:\/\/sfs.infosyslab.fr\/wp-content\/uploads\/2025\/12\/Laetitia_Carrive_photo-768x1024.jpg 768w, https:\/\/sfs.infosyslab.fr\/wp-content\/uploads\/2025\/12\/Laetitia_Carrive_photo-225x300.jpg 225w, https:\/\/sfs.infosyslab.fr\/wp-content\/uploads\/2025\/12\/Laetitia_Carrive_photo-1152x1536.jpg 1152w, https:\/\/sfs.infosyslab.fr\/wp-content\/uploads\/2025\/12\/Laetitia_Carrive_photo-1536x2048.jpg 1536w, https:\/\/sfs.infosyslab.fr\/wp-content\/uploads\/2025\/12\/Laetitia_Carrive_photo-scaled.jpg 1920w\" sizes=\"auto, (max-width: 178px) 100vw, 178px\" \/><\/a><br \/><strong>Laetitia Carrive (Conseill\u00e8re)<br \/><\/strong>Mus\u00e9um national d&#8217;Histoire naturelle<br \/>UMR 7205, ISYEB<br \/>Case postale 39, 16 rue Buffon, 75005 Paris<br \/><a href=\"mailto:laetitia.carrive@sorbonne-universite.fr\">laetitia.carrive@sorbonne-universite.fr<\/a><\/p>\n<p><a href=\"https:\/\/sfs.infosyslab.fr\/wp-content\/uploads\/2015\/07\/Patrick_Martin3.png.jpg\"><img loading=\"lazy\" decoding=\"async\" class=\" wp-image-396 aligncenter\" src=\"https:\/\/sfs.infosyslab.fr\/wp-content\/uploads\/2015\/07\/Patrick_Martin3.png-778x1024.jpg\" alt=\"\" width=\"178\" height=\"235\" srcset=\"https:\/\/sfs.infosyslab.fr\/wp-content\/uploads\/2015\/07\/Patrick_Martin3.png-778x1024.jpg 778w, https:\/\/sfs.infosyslab.fr\/wp-content\/uploads\/2015\/07\/Patrick_Martin3.png-228x300.jpg 228w, https:\/\/sfs.infosyslab.fr\/wp-content\/uploads\/2015\/07\/Patrick_Martin3.png.jpg 819w\" sizes=\"auto, (max-width: 178px) 100vw, 178px\" \/><\/a><\/p>\n<p style=\"text-align: center;\">\u00a0<\/p>\n<p style=\"text-align: center;\"><strong>Patrick Martin (Conseiller)<\/strong><br \/>Institut royal des Sciences naturelles de Belgique<br \/>Taxonomie et syst\u00e9matique<br \/>29, rue Vautier. B-1000 Bruxelles &#8211; Belgique<br \/>T\u00e9l. : +32\/2\/627.43.17<br \/><a href=\"mailto:Patrick.Martin@sciencesnaturelles.be\">Patrick.Martin@sciencesnaturelles.be<\/a><\/p>\n<p>\u00a0<\/p>\n<\/div>\n<p style=\"text-align: center;\"><a href=\"https:\/\/sfs.infosyslab.fr\/wp-content\/uploads\/2023\/09\/Valentin_RINEAU_\u00a9_MNHN-Agne\u0300s-Iatzoura.jpg\"><img loading=\"lazy\" decoding=\"async\" class=\"alignnone wp-image-1021\" src=\"https:\/\/sfs.infosyslab.fr\/wp-content\/uploads\/2023\/09\/Valentin_RINEAU_\u00a9_MNHN-Agne\u0300s-Iatzoura.jpg\" alt=\"\" width=\"195\" height=\"195\" srcset=\"https:\/\/sfs.infosyslab.fr\/wp-content\/uploads\/2023\/09\/Valentin_RINEAU_\u00a9_MNHN-Agne\u0300s-Iatzoura.jpg 310w, https:\/\/sfs.infosyslab.fr\/wp-content\/uploads\/2023\/09\/Valentin_RINEAU_\u00a9_MNHN-Agne\u0300s-Iatzoura-300x300.jpg 300w, https:\/\/sfs.infosyslab.fr\/wp-content\/uploads\/2023\/09\/Valentin_RINEAU_\u00a9_MNHN-Agne\u0300s-Iatzoura-150x150.jpg 150w\" sizes=\"auto, (max-width: 195px) 100vw, 195px\" \/><\/a><\/p>\n<p style=\"text-align: center;\"><strong>Valentin Rineau (Conseiller)<\/strong><br \/>Sorbonne Universit\u00e9<br \/>UMR 7207 CR2P CNRS MNHN SU<br \/>4 Place Jussieu, couloir 56-46, 5\u00e8me \u00e9tage, bureau 506<br \/>Case 104, 75005 Paris (France)<br \/>T\u00e9l.: +33 (0)1 44 27 49 81<br \/><span class=\"m_-4004492742394493807gmail-MsoHyperlink\"><a href=\"mailto:valentin.rineau@sorbonne-universite.fr\" target=\"_blank\" rel=\"noopener noreferrer\">valentin.rineau@sorbonne-universite.fr<\/a><\/span><\/p>\n<p style=\"text-align: center;\">\u00a0<\/p>\n<p style=\"text-align: center;\"><a href=\"https:\/\/sfs.infosyslab.fr\/wp-content\/uploads\/2015\/07\/regine.jpg\"><img loading=\"lazy\" decoding=\"async\" class=\"alignnone  wp-image-637\" src=\"https:\/\/sfs.infosyslab.fr\/wp-content\/uploads\/2015\/07\/regine.jpg\" alt=\"\" width=\"188\" height=\"207\" \/><\/a><br \/><strong>R\u00e9gine Vignes-Lebbe (Conseill\u00e8re)<\/strong>\u00a0<br \/>Sorbonne Universit\u00e9<br \/>Laboratoire informatique et syst\u00e9matique<br \/>UMR 7205, ISYEB<br \/>Case postale 48, 57 rue Cuvier, 75231 Paris Cedex 05<br \/>T\u00e9l. : +33(0)1 40 79 80 61<br \/><a href=\"regine.vignes_lebbe@sorbonne-universite.fr\">regine.vignes_lebbe@sorbonne-universite.fr<\/a><\/p>\n<\/div>\n<\/div>\n<\/div>\n<p><!--more--><\/p>\n<p><!--more--><\/p>\n<p><!--more--><\/p>\n<p><!--more--><\/p>\n<p><!--more--><\/p>\n<p><!--more--><\/p>\n<p><!--more--><\/p>\n<p><!--more--><\/p>\n<p><!--more--><\/p>\n<p><!--more--><\/p>\n<p><!--more--><\/p>\n<p><!--more--><\/p>\n<p><!--more--><\/p>\n<p><!--more--><\/p>\n<p><!--more--><\/p>\n<p><!--more--><\/p>\n<p><!--more--><\/p>\n<p><!--more--><\/p>\n<p><!--more--><\/p>\n<p><!--more--><\/p>\n<p><!--more--><\/p>\n<p><!--more--><\/p>\n<p><!--more--><\/p>\n<p><!--more--><\/p>\n<p><!--more--><\/p>\n<p><!--more--><\/p>\n<p><!--more--><\/p>\n<p><!--more--><\/p>\n<p><!--more--><\/p>\n<p>\u00a0<\/p>\n\n\n<p><\/p>\n","protected":false},"excerpt":{"rendered":"<p>J\u00e9r\u00e9mie Bardin (Pr\u00e9sident)Sorbonne Universit\u00e9UMR 7207 CR2P CNRS MNHN SU4 Place Jussieu, 5\u00e8me \u00e9tage, couloir 56-46, bureau 512Case 104, 75005 Paris, FranceT\u00e9l. : +33 (0)1 44 27 51 77jeremie.bardin@sorbonne-universite.fr Guillaume Lecointre (Vice-Pr\u00e9sident)Mus\u00e9um national d&#8217;Histoire naturelleISYEB UMR 7205 &#8211; CR2P (8 rue Buffon)Case postale 24, 57 rue Cuvier, 75005 ParisT\u00e9l.: +33 (0)1 40 79 37 51guillaume.lecointre@mnhn.fr Mathieu [&hellip;]<\/p>\n","protected":false},"author":1,"featured_media":0,"parent":0,"menu_order":0,"comment_status":"closed","ping_status":"open","template":"","meta":{"_monsterinsights_skip_tracking":false,"_monsterinsights_sitenote_active":false,"_monsterinsights_sitenote_note":"","_monsterinsights_sitenote_category":0,"footnotes":""},"class_list":["post-21","page","type-page","status-publish","hentry"],"_links":{"self":[{"href":"https:\/\/sfs.infosyslab.fr\/index.php\/wp-json\/wp\/v2\/pages\/21","targetHints":{"allow":["GET"]}}],"collection":[{"href":"https:\/\/sfs.infosyslab.fr\/index.php\/wp-json\/wp\/v2\/pages"}],"about":[{"href":"https:\/\/sfs.infosyslab.fr\/index.php\/wp-json\/wp\/v2\/types\/page"}],"author":[{"embeddable":true,"href":"https:\/\/sfs.infosyslab.fr\/index.php\/wp-json\/wp\/v2\/users\/1"}],"replies":[{"embeddable":true,"href":"https:\/\/sfs.infosyslab.fr\/index.php\/wp-json\/wp\/v2\/comments?post=21"}],"version-history":[{"count":75,"href":"https:\/\/sfs.infosyslab.fr\/index.php\/wp-json\/wp\/v2\/pages\/21\/revisions"}],"predecessor-version":[{"id":1288,"href":"https:\/\/sfs.infosyslab.fr\/index.php\/wp-json\/wp\/v2\/pages\/21\/revisions\/1288"}],"wp:attachment":[{"href":"https:\/\/sfs.infosyslab.fr\/index.php\/wp-json\/wp\/v2\/media?parent=21"}],"curies":[{"name":"wp","href":"https:\/\/api.w.org\/{rel}","templated":true}]}}