{"id":25,"date":"2015-07-26T19:23:00","date_gmt":"2015-07-26T18:23:00","guid":{"rendered":"http:\/\/sfs.snv.jussieu.fr\/\/?page_id=25"},"modified":"2025-05-11T21:54:18","modified_gmt":"2025-05-11T20:54:18","slug":"adhesion-a-la-sfs","status":"publish","type":"page","link":"https:\/\/sfs.infosyslab.fr\/index.php\/adhesion-a-la-sfs\/","title":{"rendered":"Adh\u00e9sion \u00e0 la SFS"},"content":{"rendered":"<p>La Soci\u00e9t\u00e9 Fran\u00e7aise de Syst\u00e9matique r\u00e9unit les syst\u00e9maticiens et les personnes int\u00e9ress\u00e9es par la Syst\u00e9matique.<\/p>\n<p>Marche \u00e0 suivre<\/p>\n<p>1. Lire l&#8217;extrait des statuts ci-dessous (voir aussi les statuts complets de la SFS).<br \/>\n2. Imprimer le formulaire de demande d&#8217;adh\u00e9sion (<a href=\"http:\/\/sfs.snv.jussieu.fr\/wp-content\/uploads\/2019\/04\/adh\u00e9sion-sfs-2019.pdf\">t\u00e9l\u00e9charger le PDF<\/a>, \u00e9galement accessible dans chaque num\u00e9ro du bulletin).<br \/>\n3. Le remplir en lettres capitales.<br \/>\n4. L&#8217;envoyer par mail \u00e0 <a href=\"mailto:syst.contact@gmail.com\">syst.contact@gmail.com<\/a> ou bien \u00e0 l&#8217;adresse ci-dessous :<\/p>\n<p>MNHN, Soci\u00e9t\u00e9 Fran\u00e7aise de Syst\u00e9matique,<br \/>\nSecr\u00e9tariat de la SFS<br \/>\nsyst.contact@gmail.com<\/p>\n<p>La demande d&#8217;adh\u00e9sion est soumise \u00e0 l&#8217;approbation du Conseil qui renvoie une confirmation.<br \/>\nLa cotisation annuelle est fix\u00e9e \u00e0 20 \u20ac payables par ch\u00e8que bancaire ou virement \u00e0 l&#8217;ordre de la Soci\u00e9t\u00e9 Fran\u00e7aise de Syst\u00e9matique.<\/p>\n<p>Extrait des statuts<\/p>\n<p>Article 2 : But<br \/>\nLa Soci\u00e9t\u00e9 Fran\u00e7aise de Syst\u00e9matique se donne pour but de promouvoir l&#8217;\u00e9tude scientifique des organismes dans leur diversit\u00e9, de leur \u00e9volution dans l&#8217;espace et le temps et des classifications traduisant leurs rapports mutuels. Elle veillera \u00e0 :<br \/>\n* faciliter les rapports entre les syst\u00e9maticiens de toutes sp\u00e9cialit\u00e9s de la biologie et de la pal\u00e9ontologie ;<br \/>\n* encourager les \u00e9changes d&#8217;informations et la diffusion des connaissances sur la syst\u00e9matique ;<br \/>\n* promouvoir la syst\u00e9matique dans ses aspects th\u00e9oriques et pratiques au sein de la recherche et de l&#8217;enseignement ;<br \/>\n* repr\u00e9senter la syst\u00e9matique aupr\u00e8s des pouvoirs publics et des organismes nationaux et internationaux publics et priv\u00e9s.<\/p>\n<h2>Virements<\/h2>\n<div>Coordonn\u00e9es bancaires:<\/div>\n<div>\u00c9tablissement : 20041 Guichet : 00001 No de compte : 0736780D020Cl\u00e9 RIB : 28<\/div>\n<div>IBAN : FR61 2004 1000 0107 3678 0D02 028<\/div>\n<div>BIC : PSSTFRPPPAR<\/div>\n<div>Titulaire : STE Fran\u00e7aise de Syst\u00e9matique, 57 rue Cuvier, 75005 Paris<\/div>\n<div>Domiciliation : La Banque Postale \u2013 Centre de Paris, 75900 Paris cedex 15 France<\/div>\n<h2>Ch\u00e8ques<\/h2>\n<div>Ch\u00e8ques \u00e0 envoyer \u00e0 la tr\u00e9sori\u00e8re<\/div>\n<div>Dr. V\u00e9ronique Barriel<\/div>\n<div>Mus\u00e9um National d&#8217;Histoire Naturelle<\/div>\n<div>UMR 7207 &#8220;CR2P&#8221;, CP 38, 57 rue Cuvier<\/div>\n<div>75231 Paris Cedex 05 (France)<\/div>\n","protected":false},"excerpt":{"rendered":"<p>La Soci\u00e9t\u00e9 Fran\u00e7aise de Syst\u00e9matique r\u00e9unit les syst\u00e9maticiens et les personnes int\u00e9ress\u00e9es par la Syst\u00e9matique. Marche \u00e0 suivre 1. Lire l&#8217;extrait des statuts ci-dessous (voir aussi les statuts complets de la SFS). 2. Imprimer le formulaire de demande d&#8217;adh\u00e9sion (t\u00e9l\u00e9charger le PDF, \u00e9galement accessible dans chaque num\u00e9ro du bulletin). 3. Le remplir en lettres capitales. [&hellip;]<\/p>\n","protected":false},"author":1,"featured_media":0,"parent":0,"menu_order":0,"comment_status":"closed","ping_status":"open","template":"","meta":{"_monsterinsights_skip_tracking":false,"_monsterinsights_sitenote_active":false,"_monsterinsights_sitenote_note":"","_monsterinsights_sitenote_category":0,"footnotes":""},"class_list":["post-25","page","type-page","status-publish","hentry"],"_links":{"self":[{"href":"https:\/\/sfs.infosyslab.fr\/index.php\/wp-json\/wp\/v2\/pages\/25","targetHints":{"allow":["GET"]}}],"collection":[{"href":"https:\/\/sfs.infosyslab.fr\/index.php\/wp-json\/wp\/v2\/pages"}],"about":[{"href":"https:\/\/sfs.infosyslab.fr\/index.php\/wp-json\/wp\/v2\/types\/page"}],"author":[{"embeddable":true,"href":"https:\/\/sfs.infosyslab.fr\/index.php\/wp-json\/wp\/v2\/users\/1"}],"replies":[{"embeddable":true,"href":"https:\/\/sfs.infosyslab.fr\/index.php\/wp-json\/wp\/v2\/comments?post=25"}],"version-history":[{"count":16,"href":"https:\/\/sfs.infosyslab.fr\/index.php\/wp-json\/wp\/v2\/pages\/25\/revisions"}],"predecessor-version":[{"id":1229,"href":"https:\/\/sfs.infosyslab.fr\/index.php\/wp-json\/wp\/v2\/pages\/25\/revisions\/1229"}],"wp:attachment":[{"href":"https:\/\/sfs.infosyslab.fr\/index.php\/wp-json\/wp\/v2\/media?parent=25"}],"curies":[{"name":"wp","href":"https:\/\/api.w.org\/{rel}","templated":true}]}}