{"id":350,"date":"2016-09-24T10:07:40","date_gmt":"2016-09-24T09:07:40","guid":{"rendered":"http:\/\/sfs.snv.jussieu.fr\/?page_id=350"},"modified":"2025-12-01T22:36:29","modified_gmt":"2025-12-01T21:36:29","slug":"journees-annuelles","status":"publish","type":"page","link":"https:\/\/sfs.infosyslab.fr\/index.php\/journees-annuelles\/","title":{"rendered":"Journ\u00e9es annuelles de la SFS"},"content":{"rendered":"\n<p class=\"has-text-align-center has-large-font-size\"><strong>Journ\u00e9es 2025 de la Soci\u00e9t\u00e9 Fran\u00e7aise de Syst\u00e9matique<\/strong><\/p>\n\n\n\n<p>Ch\u00e8res amies, chers amis de la Syst\u00e9matique,<br><br>Nous avons le plaisir de vous communiquer le programme des journ\u00e9es annuelles\u00a02025 de la Soci\u00e9t\u00e9 fran\u00e7aise de Syst\u00e9matique, d\u00e9sormais disponible et joint \u00e0 ce message.<br><br>Les journ\u00e9es\u00a0auront lieu le 9 et 10 d\u00e9cembre 2025, de 9h30 \u00e0 17h30, \u00e0 Sorbonne Universit\u00e9, en salle Fourcade (campus de Jussieu, tour 46-56, 5e \u00e9tage).\u00a0<br><br>Pour celles et ceux qui souhaitent assister aux journ\u00e9es, nous vous invitons \u00e0 vous inscrire rapidement sur le site d\u00e9di\u00e9 :\u00a0<a rel=\"noreferrer noopener\" href=\"https:\/\/sfs2025.sciencesconf.org\/\" target=\"_blank\">https:\/\/sfs2025.sciencesconf.org\/<\/a><br><br>Bien cordialement,<br>la SFS<\/p>\n\n\n\n\n\n<p><strong>Programme &#8211; Journ\u00e9es de la Soci\u00e9t\u00e9 Fran\u00e7aise de Syst\u00e9matique 2025<\/strong><\/p>\n\n\n\n<p><strong>9 d\u00e9cembre&nbsp;: soyons unis&nbsp;!<\/strong><\/p>\n\n\n\n<figure class=\"wp-block-table\"><table><tbody><tr><td>9h-9h30<\/td><td>Accueil &#8211; Caf\u00e9\/Th\u00e9 &nbsp;<\/td><td>&nbsp;<\/td><\/tr><tr><td>9h30-10h<\/td><td><em>J\u00e9r\u00e9mie Bardin<\/em><\/td><td>D\u00e9finir la syst\u00e9matique : bonnes intensions, bonnes extensions ?<\/td><td>&nbsp;<\/td><\/tr><tr><td>10h-10h30<\/td><td><em>Thierry Hoquet<\/em><\/td><td>Les baleines sont-elles des poissons ?<\/td><td>&nbsp;<\/td><\/tr><tr><td>10h30-11h<\/td><td><em>Philippe Huneman<\/em><\/td><td>Qu\u2019est-ce que la syst\u00e9matique ? Une question m\u00e9taphysique &nbsp;<\/td><td>&nbsp;<\/td><\/tr><tr><td>11h-11h15<\/td><td>Pause-caf\u00e9<\/td><td>&nbsp; &nbsp;<\/td><td>&nbsp;<\/td><\/tr><tr><td>11h15-11h55<\/td><td><em>Ru\u00e3n Batista<\/em><\/td><td>Metaphysical Principles for the Future of Biological Systematics<\/td><td>&nbsp;<\/td><\/tr><tr><td>11h55-12h25<\/td><td><em>Ma\u00ebl Mont\u00e9vil<\/em><\/td><td>Le d\u00e9fi \u00e9pist\u00e9mologique de l&#8217;int\u00e9gration entre la syst\u00e9matique et le reste de la biologie &nbsp;<\/td><td>&nbsp;<\/td><\/tr><tr><td>12h25-13h30<\/td><td>Pause midi<\/td><td>&nbsp; &nbsp;<\/td><td>&nbsp;<\/td><\/tr><tr><td>13h30-13h50<\/td><td><em>Magalie Castelin<\/em><\/td><td>La syst\u00e9matique : de la capacit\u00e9 vivante \u00e0 un programme europ\u00e9en pour le vivant<\/td><\/tr><tr><td>13h50-14h15<\/td><td><em>R\u00e9gine Vignes<\/em><\/td><td>Syst\u00e9matique et informatique : la n\u00e9cessit\u00e9 de d\u00e9finir et formaliser<\/td><td>&nbsp;<\/td><\/tr><tr><td>14h15-14h30<\/td><td><em>Nicolas Puillandre<\/em><\/td><td>La syst\u00e9matique du point de vue op\u00e9rationnel<\/td><td>&nbsp;<\/td><\/tr><tr><td>14h30-15h10<\/td><td><em>Ren\u00e9 Zarag\u00fceta<\/em><\/td><td>L\u2019illusion m\u00e9thodologique : critique des fondements actuels de la syst\u00e9matique<\/td><td>&nbsp;<\/td><\/tr><tr><td>&nbsp;<\/td><td><em>&nbsp;<\/em><\/td><td>&nbsp;<\/td><td>&nbsp;<\/td><\/tr><tr><td>15h10-15h30<\/td><td>Pause-caf\u00e9<\/td><td>&nbsp; &nbsp;<\/td><td>&nbsp;<\/td><\/tr><tr><td>15h30-16h<\/td><td><em>Annemarie Ohler<\/em><\/td><td>Syst\u00e9matique et objets d\u2019histoire naturelle<\/td><td>&nbsp;<\/td><\/tr><tr><td>16h-16h30<\/td><td><em>Guillaume Lecointre<\/em><\/td><td>Une syst\u00e9matique des syst\u00e9matiques<\/td><\/tr><tr><td>16h30-FIN<\/td><td><strong>Table ronde<\/strong><\/td><td><\/td><td>&nbsp;<\/td><\/tr><tr><td><\/td><td><\/td><td><\/td><td>&nbsp;<\/td><\/tr><tr><td><\/td><td><\/td><td><\/td><td><\/td><td><\/td><td><\/td><td><\/td><\/tr><\/tbody><\/table><\/figure>\n\n\n\n<p><strong>10 d\u00e9cembre&nbsp;: sentez-vous libre&nbsp;!<\/strong><\/p>\n\n\n\n<figure class=\"wp-block-table\"><table><tbody><tr><td>9h-9h30<\/td><td>Accueil &#8211; Caf\u00e9\/Th\u00e9 &nbsp;<\/td><\/tr><tr><td>9h30-10h<\/td><td><em>Pierre-Michel Forget<\/em><\/td><td>Pas d&#8217;\u00e9cologie fiable sans une taxonomie valide<\/td><\/tr><tr><td>10h-10h30<\/td><td><em>Marie-Stella Jagou<\/em><\/td><td>Phylog\u00e9nie du genre <em>Cynorkis<\/em>, orchid\u00e9es du Sud-Ouest de l&#8217;oc\u00e9an Indien<\/td><\/tr><tr><td>10h30-11h<\/td><td><em>Morgane Durand<\/em><\/td><td>Exploration de la microfaune benthique dans l&#8217;oc\u00e9an Austral, apport des mini-r\u00e9cifs artificiels<\/td><\/tr><tr><td>11h-12h<\/td><td><strong>Caf\u00e9Systema<\/strong><\/td><td>&nbsp; &nbsp;<\/td><\/tr><tr><td>12h-14h<\/td><td>Pause midi<\/td><td>&nbsp; &nbsp;<\/td><\/tr><tr><td>14h-14h30<\/td><td><em>Jonathan Racine<\/em><\/td><td>Philosophie et classification du vivant : \u00e9pist\u00e9mologie et m\u00e9taphysique<\/td><\/tr><tr><td>14h30-15h<\/td><td><em>St\u00e9phane Prin<\/em><\/td><td>Liens de parent\u00e9, phylog\u00e9nie et tokog\u00e9nie &nbsp;<\/td><\/tr><tr><td>15h-16h30<\/td><td>Caf\u00e9-go\u00fbter&nbsp; <em><\/em><\/td><td>Nicolas Puillandre vous pr\u00e9sentera <strong><em>CLADE<\/em><\/strong>,un nouveau jeu de soci\u00e9t\u00e9.<\/td><\/tr><\/tbody><\/table><\/figure>\n\n\n\n<p><br><\/p>\n\n\n\n<p>La Soci\u00e9t\u00e9 Fran\u00e7aise de Syst\u00e9matique a le plaisir de vous annoncer ses prochaines journ\u00e9es, qui se tiendront les&nbsp;<strong>9 d\u00e9cembre, 9h30-17h30 et 10 d\u00e9cembre, 9h30-17h30 2025,<\/strong>&nbsp;\u00e0 Paris,&nbsp;<strong>salle Fourcade (tour 46-56, 5<\/strong><strong>\u1d49<\/strong><strong>&nbsp;\u00e9tage, campus de Jussieu, Sorbonne Universit\u00e9)<\/strong>.<br><br>\u00c0 l&#8217;occasion de ces journ\u00e9es, la SFS propose un tout nouveau prix : le&nbsp;<strong>prix<\/strong>&nbsp;<strong>Claude Dupuis<\/strong>, qui vise \u00e0 r\u00e9compenser une pr\u00e9sentation orale lors des journ\u00e9es d&#8217;un\u2022e jeune docteur\u2022e sur un sujet de syst\u00e9matique qu&#8217;ielle a d\u00e9velopp\u00e9 durant sa th\u00e8se. Le ou la laur\u00e9at\u2022e recevra une dotation de 400\u20ac et trois ans de cotisation offerte \u00e0 la SFS. N&#8217;h\u00e9sitez pas \u00e0 communiquer aupr\u00e8s des docteur\u2022e\u2022s ayant r\u00e9cemment soutenu leur th\u00e8se.<br><br>Le programme de ces journ\u00e9es est divis\u00e9 en deux grandes parties :<\/p>\n\n\n\n<ul class=\"wp-block-list\"><li>Lors de la&nbsp;<strong>premi\u00e8re journ\u00e9e<\/strong>, intitul\u00e9e&nbsp;<em>\u00ab Soyons unis ! (ou d\u00e9finir la syst\u00e9matique)&nbsp;\u00bb,&nbsp;<\/em>retrouvons-nous pour discuter de ce qui nous unis ! En effet, la syst\u00e9matique a une longue histoire et de nombreuses conceptions ont \u00e9merg\u00e9. Nous constatons la diversit\u00e9 des pratiques, le besoin de se re-conna\u00eetre et d&#8217;\u00e9changer pour mieux d\u00e9fendre cette discipline et envisager son futur.<\/li><li>La&nbsp;<strong>seconde journ\u00e9e<\/strong>, intitul\u00e9e&nbsp;<em>\u00ab Sentez-vous libres ! \u00bb<\/em>, sera partag\u00e9e entre une matin\u00e9e de communications libres, tandis que l&#8217;apr\u00e8s-midi sera consacr\u00e9e \u00e0 la diffusion d&#8217;un Caf\u00e9Systema sur sc\u00e8ne et diffus\u00e9 en direct sur notre cha\u00eene Twitch, ainsi qu&#8217;\u00e0 la pr\u00e9sentation d&#8217;un jeu de soci\u00e9t\u00e9 port\u00e9 par Nicolas Puillandre.&nbsp;<\/li><\/ul>\n\n\n\n<p>Inscription (pas ch\u00e8re et) obligatoire sur le site des journ\u00e9es :&nbsp;<a href=\"https:\/\/sfs2025.sciencesconf.org\/\" target=\"_blank\" rel=\"noreferrer noopener\">https:\/\/sfs2025.sciencesconf.org\/<\/a><\/p>\n\n\n\n<p>En esp\u00e9rant vous y retrouver nombreuses et nombreux,<\/p>\n\n\n\n<p>Bien cordialement,<\/p>\n\n\n\n<p>La SFS<\/p>\n\n\n\n<p><\/p>\n\n\n\n<p><\/p>\n\n\n\n<p><\/p>\n","protected":false},"excerpt":{"rendered":"<p>Journ\u00e9es 2025 de la Soci\u00e9t\u00e9 Fran\u00e7aise de Syst\u00e9matique Ch\u00e8res amies, chers amis de la Syst\u00e9matique, Nous avons le plaisir de vous communiquer le programme des journ\u00e9es annuelles\u00a02025 de la Soci\u00e9t\u00e9 fran\u00e7aise de Syst\u00e9matique, d\u00e9sormais disponible et joint \u00e0 ce message. Les journ\u00e9es\u00a0auront lieu le 9 et 10 d\u00e9cembre 2025, de 9h30 \u00e0 17h30, \u00e0 Sorbonne [&hellip;]<\/p>\n","protected":false},"author":1,"featured_media":0,"parent":0,"menu_order":0,"comment_status":"closed","ping_status":"closed","template":"","meta":{"_monsterinsights_skip_tracking":false,"_monsterinsights_sitenote_active":false,"_monsterinsights_sitenote_note":"","_monsterinsights_sitenote_category":0,"footnotes":""},"class_list":["post-350","page","type-page","status-publish","hentry"],"_links":{"self":[{"href":"https:\/\/sfs.infosyslab.fr\/index.php\/wp-json\/wp\/v2\/pages\/350","targetHints":{"allow":["GET"]}}],"collection":[{"href":"https:\/\/sfs.infosyslab.fr\/index.php\/wp-json\/wp\/v2\/pages"}],"about":[{"href":"https:\/\/sfs.infosyslab.fr\/index.php\/wp-json\/wp\/v2\/types\/page"}],"author":[{"embeddable":true,"href":"https:\/\/sfs.infosyslab.fr\/index.php\/wp-json\/wp\/v2\/users\/1"}],"replies":[{"embeddable":true,"href":"https:\/\/sfs.infosyslab.fr\/index.php\/wp-json\/wp\/v2\/comments?post=350"}],"version-history":[{"count":69,"href":"https:\/\/sfs.infosyslab.fr\/index.php\/wp-json\/wp\/v2\/pages\/350\/revisions"}],"predecessor-version":[{"id":1255,"href":"https:\/\/sfs.infosyslab.fr\/index.php\/wp-json\/wp\/v2\/pages\/350\/revisions\/1255"}],"wp:attachment":[{"href":"https:\/\/sfs.infosyslab.fr\/index.php\/wp-json\/wp\/v2\/media?parent=350"}],"curies":[{"name":"wp","href":"https:\/\/api.w.org\/{rel}","templated":true}]}}