{"id":401,"date":"2017-01-13T13:27:22","date_gmt":"2017-01-13T12:27:22","guid":{"rendered":"http:\/\/sfs.snv.jussieu.fr\/?page_id=401"},"modified":"2017-01-13T13:42:44","modified_gmt":"2017-01-13T12:42:44","slug":"larbre-de-parsimonix","status":"publish","type":"page","link":"https:\/\/sfs.infosyslab.fr\/index.php\/larbre-de-parsimonix\/","title":{"rendered":"L&#8217;arbre de Parsimonix"},"content":{"rendered":"<p><em>L&#8217;arbre de Parsimonix\u00a0: une aventure d&#8217;Enix et Parsimonix<\/em> a \u00e9t\u00e9 pr\u00e9sent\u00e9 pour la premi\u00e8re fois lors des journ\u00e9es de la SFS 1996 \u00ab\u00a0Syst\u00e9matique et G\u00e9n\u00e9tique\u00a0\u00bb (19-21 septembre,\u00a0Institut Jacques Monod, Paris) dans le Forum \u00ab\u00a0Hennig\u00a0: 30 ans apr\u00e8s Phylogenetic Systematics\u00a0\u00bb.<br \/>\nIl a ensuite \u00e9t\u00e9 publi\u00e9 dans les bulletins n\u00b018 \u00e0 20 de la SFS.<br \/>\nCe document est le r\u00e9sultat de la collaboration \u00e9troite entre 3 personnes\u00a0(ci-dessous avec leur affiliation \u00e0 l&#8217;\u00e9poque) :<br \/>\nV\u00e9ronique Barriel, MNHN, laboratoire de pr\u00e9histoire et service de syst\u00e9matique mol\u00e9culaire ; texte et sc\u00e9nario<br \/>\nNicolas Bailly, MNHN, laboratoire d&#8217;ichtyologie g\u00e9n\u00e9rale et appliqu\u00e9e ; texte et sc\u00e9nario<br \/>\nPascal Deynat,\u00a0MNHN,\u00a0laboratoire d&#8217;ichtyologie g\u00e9n\u00e9rale et appliqu\u00e9e\u00a0;\u00a0dessins<br \/>\nEn esp\u00e9rant que vous prendrez autant de plaisir \u00e0 le lire que nous en avons eu \u00e0 le faire. Pardon \u00e0 l&#8217;avance pour les\u00a0jeux de mots dont certains nous sont m\u00eame devenus &#8220;cryptiques&#8221;&#8230;!<\/p>\n<p><em><a href=\"http:\/\/sfs.snv.jussieu.fr\/wp-content\/uploads\/2017\/01\/Larbre-de-Parsimonix.pdf\">T\u00e9l\u00e9charger L&#8217;arbre de Parsimonix<\/a><\/em><\/p>\n","protected":false},"excerpt":{"rendered":"<p>L&#8217;arbre de Parsimonix\u00a0: une aventure d&#8217;Enix et Parsimonix a \u00e9t\u00e9 pr\u00e9sent\u00e9 pour la premi\u00e8re fois lors des journ\u00e9es de la SFS 1996 \u00ab\u00a0Syst\u00e9matique et G\u00e9n\u00e9tique\u00a0\u00bb (19-21 septembre,\u00a0Institut Jacques Monod, Paris) dans le Forum \u00ab\u00a0Hennig\u00a0: 30 ans apr\u00e8s Phylogenetic Systematics\u00a0\u00bb. Il a ensuite \u00e9t\u00e9 publi\u00e9 dans les bulletins n\u00b018 \u00e0 20 de la SFS. Ce document [&hellip;]<\/p>\n","protected":false},"author":1,"featured_media":0,"parent":0,"menu_order":0,"comment_status":"closed","ping_status":"closed","template":"","meta":{"_monsterinsights_skip_tracking":false,"_monsterinsights_sitenote_active":false,"_monsterinsights_sitenote_note":"","_monsterinsights_sitenote_category":0,"footnotes":""},"class_list":["post-401","page","type-page","status-publish","hentry"],"_links":{"self":[{"href":"https:\/\/sfs.infosyslab.fr\/index.php\/wp-json\/wp\/v2\/pages\/401","targetHints":{"allow":["GET"]}}],"collection":[{"href":"https:\/\/sfs.infosyslab.fr\/index.php\/wp-json\/wp\/v2\/pages"}],"about":[{"href":"https:\/\/sfs.infosyslab.fr\/index.php\/wp-json\/wp\/v2\/types\/page"}],"author":[{"embeddable":true,"href":"https:\/\/sfs.infosyslab.fr\/index.php\/wp-json\/wp\/v2\/users\/1"}],"replies":[{"embeddable":true,"href":"https:\/\/sfs.infosyslab.fr\/index.php\/wp-json\/wp\/v2\/comments?post=401"}],"version-history":[{"count":4,"href":"https:\/\/sfs.infosyslab.fr\/index.php\/wp-json\/wp\/v2\/pages\/401\/revisions"}],"predecessor-version":[{"id":414,"href":"https:\/\/sfs.infosyslab.fr\/index.php\/wp-json\/wp\/v2\/pages\/401\/revisions\/414"}],"wp:attachment":[{"href":"https:\/\/sfs.infosyslab.fr\/index.php\/wp-json\/wp\/v2\/media?parent=401"}],"curies":[{"name":"wp","href":"https:\/\/api.w.org\/{rel}","templated":true}]}}