{"id":42,"date":"2015-07-27T22:14:23","date_gmt":"2015-07-27T21:14:23","guid":{"rendered":"http:\/\/sfs.snv.jussieu.fr\/\/?page_id=42"},"modified":"2025-02-11T13:30:09","modified_gmt":"2025-02-11T12:30:09","slug":"biosystema","status":"publish","type":"page","link":"https:\/\/sfs.infosyslab.fr\/index.php\/biosystema\/","title":{"rendered":"BIOSYSTEMA"},"content":{"rendered":"<div class=\"main\">\n<p style=\"text-align: justify;\">Les num\u00e9ros disposant d&#8217;un lien peuvent \u00eatre achet\u00e9es soit en version papier sur le site des <a href=\"http:\/\/materiologiques.com\/19-biosystema-1142-7833\">\u00e9ditions mat\u00e9riologiques<\/a>, soit en version num\u00e9rique (e-book) sur <a href=\"https:\/\/shs.cairn.info\/recherche?lang=fr&amp;term=biosystema\">Cairn<\/a>. Les autres num\u00e9ros sont en cours de r\u00e9\u00e9dition &amp; num\u00e9risation.<\/p>\n<p>Biosystema 32 : <a href=\"https:\/\/materiologiques.com\/fr\/biosystema-1142-7833\/352-systematique-actualite-et-permanence-choix-de-textes-de-claude-dupuis-9782373614183.html\">Taxinomie et \u00e9volution : permanence et actualit\u00e9. Textes de Claude Dupuis (1927-2020).<\/a><\/p>\n<p>Biosystema 31 : <a href=\"https:\/\/materiologiques.com\/biosystema-1142-7833\/286-biosystema-312018-introduction-aux-methodes-comparatives-phylogenetiques-9782373611885.html\">Introduction aux m\u00e9thodes comparatives phylog\u00e9n\u00e9tiques<\/a>.<\/p>\n<p>Biosystema 30 : <a href=\"http:\/\/materiologiques.com\/biosystema-1142-7833\/217-biosystema-n302015-larbre-du-vivant-trente-ans-de-systematique-9782373610406.html\">L\u2019arbre du vivant, trente ans de syst\u00e9matique.<\/a><\/p>\n<p>Biosystema 29 : <a href=\"http:\/\/materiologiques.com\/biosystema-1142-7833\/188-biosystema-n29-2014-analyse-cladistique-le-debat-mayr-hennig-de-1974-9782919694839.html\">Analyse cladistique : le d\u00e9bat Mayr-Hennig de 1974.<\/a><\/p>\n<p>Biosystema 28 : L&#8217;arbre du vivant existe-t-il ?<\/p>\n<p>Biosystema 27 : <a href=\"http:\/\/materiologiques.com\/biosystema-1142-7833\/193-biosystema-27-2010-reedition-2014-systematique-et-comportement-9782919694815.html\">Syst\u00e9matique et comportement.<\/a><\/p>\n<p>Biosystema 26 : Syst\u00e9matique et collections.<\/p>\n<p>Biosystema 25 : Linnaeus syst\u00e9matique et biodiversit\u00e9.<\/p>\n<p>Biosystema 24 : <a href=\"http:\/\/materiologiques.com\/biosystema-1142-7833\/192-biosystema-24-2005-reedition-2014-philosophie-de-la-systematique-9782919694785.html#\/1-format-livre_papier\">Philosophie de la syst\u00e9matique.<\/a><\/p>\n<p>Biosystema 23 : Comment nommer les taxons de rang sup\u00e9rieur en zoologie et en botanique ?<\/p>\n<p>Biosystema 22 : Avenir et pertinence des m\u00e9thodes d&#8217;analyse en phylog\u00e9nie mol\u00e9culaire.<\/p>\n<p>Biosystema 21 : Les avanc\u00e9es de l&#8217;\u00e9vo-d\u00e9vo et la syst\u00e9matique.<\/p>\n<p>Biosystema 20 : Syst\u00e9matique et biog\u00e9ographie.<\/p>\n<p>Biosystema 19 : Syst\u00e9matique et pal\u00e9ontologie.<\/p>\n<p>Biosystema 18 : Caract\u00e8res.<\/p>\n<p>Biosystema 17 : Biodiversit\u00e9 et conservation : approches de la syst\u00e9matique.<\/p>\n<p>Biosystema 16 : Profession syst\u00e9maticien.<\/p>\n<p>Biosystema 15 : Syst\u00e9matique et g\u00e9n\u00e9tique.<\/p>\n<p>Biosystema 14 : Syst\u00e9matique et informatique.<\/p>\n<p>Biosystema 13 : Syst\u00e9matique et biodiversit\u00e9.<\/p>\n<p>Biosystema 12u : PHYLSYST : logiciel de reconstruction phylog\u00e9n\u00e9tique (environnement Unix).<\/p>\n<p>Biosystema 12i : PHYLSYST : logiciel de reconstruction phylog\u00e9n\u00e9tique (environnement IBM).<\/p>\n<p>Biosystema 12a : PHYLSYST : logiciel de reconstruction phylog\u00e9n\u00e9tique (environnement Apple).<\/p>\n<p>Biosystema 11 : Syst\u00e9matique &amp; phylog\u00e9nie (mod\u00e8les d&#8217;\u00e9volution biologique).<\/p>\n<p>Biosystema 10 : Syst\u00e9matique botanique : probl\u00e8mes actuels.<\/p>\n<p>Biosystema 9 : Les monocotyl\u00e9dones.<\/p>\n<p>Biosystema 8 : Syst\u00e9matique et soci\u00e9t\u00e9.<\/p>\n<p>Biosystema 7 : <a href=\"https:\/\/materiologiques.com\/biosystema-1142-7833\/296-biosystema-71991-reedition-2019-systematique-et-biogeographie-historique-9782373612226.html\">Syst\u00e9matique et biog\u00e9ographie historique : textes historiques et m\u00e9thodologiques.<\/a><\/p>\n<p>Biosystema 6 : Syst\u00e9matique et \u00e9cologie.<span style=\"color: #ff0000;\"><br \/>\n<\/span><\/p>\n<p>Biosystema 5 : Les &#8220;introuvables&#8221; de J.B. Lamarck : discours d&#8217;ouverture du cours de zoologie et articles du dictionnaire d&#8217;histoire naturelle.<\/p>\n<p>Biosystema 4 : L&#8217;analyse cladistique : probl\u00e8me et solutions heuristiques informatis\u00e9es.<\/p>\n<p>Biosystema 3 : La syst\u00e9matique et l&#8217;\u00e9volution, de Lamarck aux th\u00e9oriciens modernes.<\/p>\n<p>Biosystema 2 : Syst\u00e9matique cladistique : quelques textes fondamentaux, glossaire.<\/p>\n<p>Biosystema 1 : <a href=\"http:\/\/materiologiques.com\/biosystema-1142-7833\/145-biosystema-n1-1987-reedition-2013-introduction-a-la-systematique-zoologique-9782919694853.html\">Introduction \u00e0 la syst\u00e9matique zoologique : concepts, principes, m\u00e9thodes.<\/a><\/p>\n<\/div>\n","protected":false},"excerpt":{"rendered":"<p>Les num\u00e9ros disposant d&#8217;un lien peuvent \u00eatre achet\u00e9es soit en version papier sur le site des \u00e9ditions mat\u00e9riologiques, soit en version num\u00e9rique (e-book) sur Cairn. Les autres num\u00e9ros sont en cours de r\u00e9\u00e9dition &amp; num\u00e9risation. Biosystema 32 : Taxinomie et \u00e9volution : permanence et actualit\u00e9. Textes de Claude Dupuis (1927-2020). Biosystema 31 : Introduction aux [&hellip;]<\/p>\n","protected":false},"author":1,"featured_media":0,"parent":0,"menu_order":0,"comment_status":"closed","ping_status":"open","template":"","meta":{"_monsterinsights_skip_tracking":false,"_monsterinsights_sitenote_active":false,"_monsterinsights_sitenote_note":"","_monsterinsights_sitenote_category":0,"footnotes":""},"class_list":["post-42","page","type-page","status-publish","hentry"],"_links":{"self":[{"href":"https:\/\/sfs.infosyslab.fr\/index.php\/wp-json\/wp\/v2\/pages\/42","targetHints":{"allow":["GET"]}}],"collection":[{"href":"https:\/\/sfs.infosyslab.fr\/index.php\/wp-json\/wp\/v2\/pages"}],"about":[{"href":"https:\/\/sfs.infosyslab.fr\/index.php\/wp-json\/wp\/v2\/types\/page"}],"author":[{"embeddable":true,"href":"https:\/\/sfs.infosyslab.fr\/index.php\/wp-json\/wp\/v2\/users\/1"}],"replies":[{"embeddable":true,"href":"https:\/\/sfs.infosyslab.fr\/index.php\/wp-json\/wp\/v2\/comments?post=42"}],"version-history":[{"count":20,"href":"https:\/\/sfs.infosyslab.fr\/index.php\/wp-json\/wp\/v2\/pages\/42\/revisions"}],"predecessor-version":[{"id":1220,"href":"https:\/\/sfs.infosyslab.fr\/index.php\/wp-json\/wp\/v2\/pages\/42\/revisions\/1220"}],"wp:attachment":[{"href":"https:\/\/sfs.infosyslab.fr\/index.php\/wp-json\/wp\/v2\/media?parent=42"}],"curies":[{"name":"wp","href":"https:\/\/api.w.org\/{rel}","templated":true}]}}