{"id":5,"date":"2015-07-26T17:58:47","date_gmt":"2015-07-26T16:58:47","guid":{"rendered":"http:\/\/sfs.snv.jussieu.fr\/\/?page_id=5"},"modified":"2026-01-27T23:27:32","modified_gmt":"2026-01-27T22:27:32","slug":"prix_lebbe","status":"publish","type":"page","link":"https:\/\/sfs.infosyslab.fr\/index.php\/prix_lebbe\/","title":{"rendered":"Prix Jacques Lebbe"},"content":{"rendered":"<p>La date limite de candidature a \u00e9t\u00e9 fix\u00e9e au <strong>27 f\u00e9vrier 2026<\/strong>.<\/p>\n<p>Les candidatures sont \u00e0 envoyer \u00e0<\/p>\n<p><a href=\"mailto:syst.contact@gmail.com\">syst.contact@gmail.com<\/a><\/p>\n<p><strong>La SFS a cr\u00e9\u00e9 en 2001 un prix d\u00e9di\u00e9 \u00e0 la m\u00e9moire de Jacques Lebbe<\/strong><br \/>\nCe prix est destin\u00e9 \u00e0 soutenir des \u00e9tudiants en syst\u00e9matique, en r\u00e9compensant des travaux d\u00e9velopp\u00e9s en syst\u00e9matique, aussi bien th\u00e9orique ou appliqu\u00e9e \u00e0 une \u00e9tude de cas. La qualit\u00e9 de la compr\u00e9hension des m\u00e9thodes, d\u00e9velopp\u00e9es et\/ou utilis\u00e9es par le candidat dans son travail, est dans tous les cas un \u00e9l\u00e9ment important de l\u2019\u00e9valuation du jury.<br \/>\nChaque ann\u00e9e le prix est attribu\u00e9 pour un m\u00e9moire de master 2 soutenu dans une institution fran\u00e7aise ou \u00e9trang\u00e8re francophone lors de l\u2019ann\u00e9e pr\u00e9c\u00e9dente.<br \/>\nLe prix est remis lors des journ\u00e9es annuelles de la soci\u00e9t\u00e9. Tous les candidats sont invit\u00e9s, s\u2019ils le souhaitent, \u00e0 y faire conna\u00eetre leur travail par un poster ; et le laur\u00e9at est convi\u00e9 \u00e0 le pr\u00e9senter bri\u00e8vement oralement.<\/p>\n<hr \/>\n<p><strong><b>Candidature \/ Attribution du prix<\/b><\/strong><br \/>\nLes \u00e9tudiants, membres ou non de la SFS, font soit acte volontaire de candidature, soit peuvent \u00eatre propos\u00e9s par un tiers.<br \/>\nUn jury, compos\u00e9 de trois personnes, examine les m\u00e9moires propos\u00e9s par les candidats.<br \/>\nLa composition du jury comporte trois membres: le pr\u00e9sident de la SFS en exercice, plus deux membres de la SFS propos\u00e9s chaque ann\u00e9e par le conseil.<br \/>\nLes candidatures sont \u00e0 adresser au secr\u00e9tariat de la SFS sous la forme du formulaire (<a href=\"https:\/\/sfs.infosyslab.fr\/wp-content\/uploads\/2023\/02\/Candidature-prix-jacques-lebbe_2023.pdf\">formulaire PDF<\/a>) d\u00fbment rempli, accompagn\u00e9 d&#8217;un exemplaire du m\u00e9moire <span style=\"text-decoration: underline;\">tel qu&#8217;il a \u00e9t\u00e9 soumis \u00e0 la fin du stage<\/span> et d&#8217;un CV.<\/p>\n<hr \/>\n<p><strong><b>Dotation<\/b><\/strong><br \/>\nLe laur\u00e9at re\u00e7oit une somme de 400 euros et une adh\u00e9sion de trois ans \u00e0 la SFS.<\/p>\n<hr \/>\n<p><strong><b>Liste des laur\u00e9ats<\/b><\/strong><\/p>\n<ul>\n<li>2001\u00a0: <strong>Eric Bapteste<\/strong>. Phylog\u00e9nie des eucaryotes fond\u00e9e sur de multiples marqueurs prot\u00e9iques.<\/li>\n<li>2002\u00a0: <strong>Mah\u00e9 Ben Hamed<\/strong>, sous la direction de Pierre Darlu. Evaluation de la congruence entre \u00e9volutions g\u00e9n\u00e9tique, morphologique et linguistique : Mod\u00e8les et M\u00e9thodes.<\/li>\n<li>2003\u00a0: <strong>Claire Bardel<\/strong>, sous la direction de Pierre Darlu et Emmanuelle G\u00e9nin. &#8220;Utilisation de phylog\u00e9nies d&#8217;haplotypes pour la mise en \u00e9vidence de facteurs g\u00e9n\u00e9tiques de risque dans les maladies complexes.<\/li>\n<li>2004\u00a0: <strong>Thomas Janssen<\/strong>, sous la direction de Harald Schneider. Phylog\u00e9nie et radiation des Foug\u00e8res Drynarioides\u00a0 (Polypodiaceae, Polypodiidae).<\/li>\n<li>2005\u00a0: prix non attribu\u00e9.<\/li>\n<li>2006\u00a0: Deux gagnants ex aequo. <strong>Lucie Bittner<\/strong>, sous la direction de Bruno de Reviers et Florence Rousseau. Phylog\u00e9nie mol\u00e9culaire des Dictyotales (Ochrophyta, Phaeophyceae) et caract\u00e9risation des morphotypes n\u00e9ocal\u00e9doniens du genre Padina par l\u2019utilisation des s\u00e9quences des g\u00e8nes rbcL et psaA. <strong>Aur\u00e9lien Odent<\/strong>, sous la direction de Thierry Bourgoin, Cyril Gallut et Angel Anta. La Synonymie dans tous ses \u00c9tats : repr\u00e9sentation formelle de la synonymie dans une base de donn\u00e9es taxonomiques.<\/li>\n<li>2007\u00a0: <strong>Thomas Silberfeld<\/strong>, sous la direction de Bruno de Reviers et Florence Rousseau. Phylog\u00e9nie des algues brunes (Ochrophyta, Phaeophyceae) bas\u00e9e sur les s\u00e9quences de huit g\u00e8nes mitochondriaux et plastidiaux.<\/li>\n<li>2008\u00a0: Deux gagnantes ex aequo. <strong>Jeanne Ropars<\/strong>, sous la direction de V\u00e9ronique Barriel et Dario de Franceschi. La phylog\u00e9nie des Malvaceae. <strong>Elise Tancoigne<\/strong>, sous la direction d\u2019Alain Dubois, R\u00e9gine Vigne-Lebbe et Annemarie Ohler. M\u00e9tataxinomie\u00a0: l\u2019\u00e9tat de la taxinomie zoologique \u00e0 l\u2019aube du 21<sup>e<\/sup> si\u00e8cle.<\/li>\n<li>2009\u00a0: prix non-attribu\u00e9.<\/li>\n<li>2010\u00a0: Deux gagnantes ex aequo. <strong>Marie Fisler<\/strong>, sous la direction de Guillaume Lecointre et Jean-Jacques Szczeciniarz. La m\u00e9taphore de l\u2019arbre dans les sciences naturelles. <strong>Ana\u00efs Grand<\/strong>, sous la direction de Ren\u00e9 Zarag\u00fceta i Bagils. Trente ans apr\u00e8s, l\u2019Assumption 2 accessible \u00e0 l\u2019intuition : la m\u00e9thode FFINAL.<\/li>\n<li>2011\u00a0: prix non-attribu\u00e9.<\/li>\n<li>2012\u00a0: <strong>Donald Davesne<\/strong>, sous la direction de Cyril Gallut et Olga Otero. Les acanthomorphes (Actinopterygii, Teleostei) sont-ils monophyl\u00e9tiques ? Apport des donn\u00e9es fossiles et mol\u00e9culaires.<\/li>\n<li>2013\u00a0: prix non-attribu\u00e9.<\/li>\n<li>2014\u00a0: <strong>Valentin Rineau<\/strong>, sous la direction de Michel Laurin et Ana\u00efs Grand. Ordonner, polariser, traiter\u00a0: Apports de la syst\u00e9matique exp\u00e9rimentale en cladistique.<\/li>\n<li>2015\u00a0:\u00a0<strong>Romain Sabroux<\/strong>, sous la direction d\u2019Alexandre Hassanin et Laure Corbari. Biodiversit\u00e9\u00a0 et\u00a0 Histoire \u00e9volutive des Ammotheidae (Arthropoda : Pycnogonida).<\/li>\n<li>2016\u00a0: <strong>Alexis Dambry<\/strong>, sous la direction de Violaine Nicolas. Phylog\u00e9ographie et r\u00e9vision syst\u00e9matique\u00a0 du\u00a0 complexe <em>Crocidura hildegardeae<\/em> Thomas, 1904.<\/li>\n<li>2017\u00a0:\u00a0Deux gagnantes ex aequo. <strong>Artemis Korniliou<\/strong>, sous la direction de Ren\u00e9 Zarag\u00fceta i Bagils et Bouziane Khalloufi. Biog\u00e9ographie diachronique : une approche cladistique. <strong>Mathilde Scheifler<\/strong>, sous la direction d\u2019Yves Desdevises et Laure Guillou. A la recherche de patrons cophylog\u00e9n\u00e9tiques au sein d\u2019une association symbiotique mutualiste impliquant les Soritinae (Foraminifera, Milioda) et le genre <em>Symbiodinium<\/em> (Dinophyta, Suessiales).<\/li>\n<li>2018 : <strong>Mathieu Faure-Brac<\/strong>, sous la direction de Jorge Cubo. Les Synapsides \u00e9taient-ils primitivement endothermes ? Une \u00e9tude pal\u00e9ohistologique sur l&#8217;origine de l&#8217;endothermie mammalienne.<\/li>\n<li>2019 : prix non-attribu\u00e9.<\/li>\n<li>2020 : <strong>Salom\u00e9 Strauch<\/strong>, sous la direction de Sylvie Le Bomin. Description de la diversit\u00e9 morphologique des harpes d&#8217;Afrique centrale.<\/li>\n<li>2021 :<strong> Elie Mario Saliba<\/strong>, sous la direction de Annemarie Ohler et R\u00e9gine Vignes-Lebbe. \u00c9laboration d&#8217;un th\u00e9saurus portant sur la nomenclature zoologique.<\/li>\n<li>2022 :\u00a0<strong>P\u00e9n\u00e9lope Claisse<\/strong>, sous la direction de Allison Daley (Universit\u00e9 de Lausanne). The evolution of Radiodonta: a phylogenetic review using whole body characters.<\/li>\n<li>2023 : <strong>Estelle Klein<\/strong>, sous la direction de Violaine Nicolas-Colin et Rapha\u00ebl Cornette. Syst\u00e9matique int\u00e9grative du complexe de musaraignes <em>Crocidura muricauda<\/em> : analyse de la variabilit\u00e9 morphologique.<\/li>\n<li>2024 : <strong>Benjamin Zelveder<\/strong>, sous la direction de Julien Haran, R\u00e9mi Allio et Ga\u00ebl Kergoat. \u00c9tude de l&#8217;\u00e9volution des interactions charan\u00e7ons-plantes-plantes parasites par approche phylog\u00e9nomique.<\/li>\n<li>2025 : <strong>Aimie Doriath D\u00f6hler<\/strong>, sous la direction de Isabelle Rouget, J\u00e9r\u00e9mie Bardin et Sylvain Gerber. Int\u00e9gration morphologique des coquilles d&#8217;ammonites aux \u00e9chelles ontog\u00e9n\u00e9tique, intrasp\u00e9cifique et \u00e9volutives : exemple des Hildoceratoidea.<\/li>\n<\/ul>\n","protected":false},"excerpt":{"rendered":"<p>La date limite de candidature a \u00e9t\u00e9 fix\u00e9e au 27 f\u00e9vrier 2026. Les candidatures sont \u00e0 envoyer \u00e0 syst.contact@gmail.com La SFS a cr\u00e9\u00e9 en 2001 un prix d\u00e9di\u00e9 \u00e0 la m\u00e9moire de Jacques Lebbe Ce prix est destin\u00e9 \u00e0 soutenir des \u00e9tudiants en syst\u00e9matique, en r\u00e9compensant des travaux d\u00e9velopp\u00e9s en syst\u00e9matique, aussi bien th\u00e9orique ou [&hellip;]<\/p>\n","protected":false},"author":1,"featured_media":0,"parent":0,"menu_order":0,"comment_status":"closed","ping_status":"open","template":"","meta":{"_monsterinsights_skip_tracking":false,"_monsterinsights_sitenote_active":false,"_monsterinsights_sitenote_note":"","_monsterinsights_sitenote_category":0,"footnotes":""},"class_list":["post-5","page","type-page","status-publish","hentry"],"_links":{"self":[{"href":"https:\/\/sfs.infosyslab.fr\/index.php\/wp-json\/wp\/v2\/pages\/5","targetHints":{"allow":["GET"]}}],"collection":[{"href":"https:\/\/sfs.infosyslab.fr\/index.php\/wp-json\/wp\/v2\/pages"}],"about":[{"href":"https:\/\/sfs.infosyslab.fr\/index.php\/wp-json\/wp\/v2\/types\/page"}],"author":[{"embeddable":true,"href":"https:\/\/sfs.infosyslab.fr\/index.php\/wp-json\/wp\/v2\/users\/1"}],"replies":[{"embeddable":true,"href":"https:\/\/sfs.infosyslab.fr\/index.php\/wp-json\/wp\/v2\/comments?post=5"}],"version-history":[{"count":43,"href":"https:\/\/sfs.infosyslab.fr\/index.php\/wp-json\/wp\/v2\/pages\/5\/revisions"}],"predecessor-version":[{"id":1303,"href":"https:\/\/sfs.infosyslab.fr\/index.php\/wp-json\/wp\/v2\/pages\/5\/revisions\/1303"}],"wp:attachment":[{"href":"https:\/\/sfs.infosyslab.fr\/index.php\/wp-json\/wp\/v2\/media?parent=5"}],"curies":[{"name":"wp","href":"https:\/\/api.w.org\/{rel}","templated":true}]}}