{"id":522,"date":"2018-01-22T11:18:21","date_gmt":"2018-01-22T10:18:21","guid":{"rendered":"http:\/\/sfs.snv.jussieu.fr\/?page_id=522"},"modified":"2018-01-22T11:20:14","modified_gmt":"2018-01-22T10:20:14","slug":"renouvellement-de-cotisations","status":"publish","type":"page","link":"https:\/\/sfs.infosyslab.fr\/index.php\/la-sfs\/renouvellement-de-cotisations\/","title":{"rendered":"Renouvellement de cotisations"},"content":{"rendered":"<p>La cotisation annuelle est fix\u00e9e \u00e0 20\u20ac payables par ch\u00e8que bancaire ou virement \u00e0 l&#8217;ordre de la Soci\u00e9t\u00e9 Fran\u00e7aise de Syst\u00e9matique.<\/p>\n<h2>Virements<\/h2>\n<div>Coordonn\u00e9es bancaires:<\/div>\n<div>\u00c9tablissement : 20041 Guichet : 00001 No de compte : 0736780D020Cl\u00e9 RIB : 28<\/div>\n<div>IBAN : FR61 2004 1000 0107 3678 0D02 028<\/div>\n<div>BIC : PSSTFRPPPAR<\/div>\n<div>Titulaire : STE Fran\u00e7aise de Syst\u00e9matique, 57 rue Cuvier, 75005 Paris<\/div>\n<div>Domiciliation : La Banque Postale \u2013 Centre de Paris, 75900 Paris cedex 15 France<\/div>\n<div><\/div>\n<h2>Ch\u00e8ques<\/h2>\n<div>Ch\u00e8ques \u00e0 envoyer \u00e0 la tr\u00e9sori\u00e8re<\/div>\n<div>Dr. V\u00e9ronique Barriel<\/div>\n<div>Mus\u00e9um National d&#8217;Histoire Naturelle<\/div>\n<div>UMR 7207 &#8220;CR2P&#8221;, CP 38, 57 rue Cuvier<\/div>\n<div>75231 Paris Cedex 05 (France)<\/div>\n","protected":false},"excerpt":{"rendered":"<p>La cotisation annuelle est fix\u00e9e \u00e0 20\u20ac payables par ch\u00e8que bancaire ou virement \u00e0 l&#8217;ordre de la Soci\u00e9t\u00e9 Fran\u00e7aise de Syst\u00e9matique. Virements Coordonn\u00e9es bancaires: \u00c9tablissement : 20041 Guichet : 00001 No de compte : 0736780D020Cl\u00e9 RIB : 28 IBAN : FR61 2004 1000 0107 3678 0D02 028 BIC : PSSTFRPPPAR Titulaire : STE Fran\u00e7aise de [&hellip;]<\/p>\n","protected":false},"author":1,"featured_media":0,"parent":19,"menu_order":4,"comment_status":"closed","ping_status":"closed","template":"","meta":{"_monsterinsights_skip_tracking":false,"_monsterinsights_sitenote_active":false,"_monsterinsights_sitenote_note":"","_monsterinsights_sitenote_category":0,"footnotes":""},"class_list":["post-522","page","type-page","status-publish","hentry"],"_links":{"self":[{"href":"https:\/\/sfs.infosyslab.fr\/index.php\/wp-json\/wp\/v2\/pages\/522","targetHints":{"allow":["GET"]}}],"collection":[{"href":"https:\/\/sfs.infosyslab.fr\/index.php\/wp-json\/wp\/v2\/pages"}],"about":[{"href":"https:\/\/sfs.infosyslab.fr\/index.php\/wp-json\/wp\/v2\/types\/page"}],"author":[{"embeddable":true,"href":"https:\/\/sfs.infosyslab.fr\/index.php\/wp-json\/wp\/v2\/users\/1"}],"replies":[{"embeddable":true,"href":"https:\/\/sfs.infosyslab.fr\/index.php\/wp-json\/wp\/v2\/comments?post=522"}],"version-history":[{"count":1,"href":"https:\/\/sfs.infosyslab.fr\/index.php\/wp-json\/wp\/v2\/pages\/522\/revisions"}],"predecessor-version":[{"id":523,"href":"https:\/\/sfs.infosyslab.fr\/index.php\/wp-json\/wp\/v2\/pages\/522\/revisions\/523"}],"up":[{"embeddable":true,"href":"https:\/\/sfs.infosyslab.fr\/index.php\/wp-json\/wp\/v2\/pages\/19"}],"wp:attachment":[{"href":"https:\/\/sfs.infosyslab.fr\/index.php\/wp-json\/wp\/v2\/media?parent=522"}],"curies":[{"name":"wp","href":"https:\/\/api.w.org\/{rel}","templated":true}]}}