{"id":57,"date":"2015-07-27T22:35:11","date_gmt":"2015-07-27T21:35:11","guid":{"rendered":"http:\/\/sfs.snv.jussieu.fr\/\/?page_id=57"},"modified":"2023-10-21T10:46:41","modified_gmt":"2023-10-21T09:46:41","slug":"bulletin-de-la-sfs","status":"publish","type":"page","link":"https:\/\/sfs.infosyslab.fr\/index.php\/bulletin-de-la-sfs\/","title":{"rendered":"Bulletin de la SFS"},"content":{"rendered":"<div class=\"content clear-block\">\n<p>Le Bulletin de la Soci\u00e9t\u00e9 Fran\u00e7aise de Syst\u00e9matique est une publication p\u00e9riodique (ISSN 1240-3253) \u00e9dit\u00e9e deux fois par an et adress\u00e9e gratuitement \u00e0 tous les membres de la SFS.<\/p>\n<p>R\u00e9dacteur en chef : Bouziane Khalloufi<\/p>\n<p>Vous trouverez ci-dessous les bulletins qui sont disponibles.<br \/>\n<b>Volumes complets<\/b><\/p>\n<p><a href=\"https:\/\/sfs.infosyslab.fr\/wp-content\/uploads\/2023\/10\/bsfs64.pdf\">Bulletin SFS 64<\/a><br \/>\n<a href=\"https:\/\/sfs.infosyslab.fr\/wp-content\/uploads\/2023\/10\/bsfs63.pdf\">Bulletin SFS 63<\/a><br \/>\n<a href=\"https:\/\/sfs.infosyslab.fr\/wp-content\/uploads\/2023\/10\/bsfs62.pdf\">Bulletin SFS 62<\/a><br \/>\n<a href=\"https:\/\/sfs.infosyslab.fr\/wp-content\/uploads\/2023\/10\/bsfs61.pdf\">Bulletin SFS 61\u00a0<\/a><\/p>\n<p><a href=\"https:\/\/sfs.infosyslab.fr\/wp-content\/uploads\/2021\/01\/bsfs60.pdf\">Bulletin SFS 60<\/a><br \/>\n<a href=\"https:\/\/sfs.infosyslab.fr\/wp-content\/uploads\/2021\/01\/Bulletin_SFS_59.pdf\">Bulletin SFS 59<\/a><br \/>\n<a href=\"https:\/\/sfs.infosyslab.fr\/wp-content\/uploads\/2021\/01\/Bulletin-SFS-n\u00b058.pdf\">Bulletin SFS 58<\/a><br \/>\n<a href=\"https:\/\/sfs.infosyslab.fr\/wp-content\/uploads\/2021\/01\/Bulletin-SFS-57.pdf\">Bulletin SFS 57<\/a><br \/>\n<a href=\"https:\/\/sfs.infosyslab.fr\/wp-content\/uploads\/2021\/01\/Bulletin-SFS-56.pdf\">Bulletin SFS 56<\/a><br \/>\n<a href=\"https:\/\/sfs.infosyslab.fr\/wp-content\/uploads\/2021\/01\/Bulletin-SFS-55.pdf\">Bulletin SFS 55<\/a><br \/>\n<a href=\"https:\/\/sfs.infosyslab.fr\/wp-content\/uploads\/2021\/01\/Bulletin-SFS-54.pdf\">Bulletin SFS 54<\/a><br \/>\n<a href=\"https:\/\/sfs.infosyslab.fr\/wp-content\/uploads\/2021\/01\/Bulletin-SFS-53.pdf\">Bulletin SFS 53<\/a><br \/>\n<a href=\"https:\/\/sfs.infosyslab.fr\/wp-content\/uploads\/2021\/01\/Bulletin-SFS-52.pdf\">Bulletin SFS 52<\/a><\/p>\n<p><a href=\"https:\/\/sfs.infosyslab.fr\/wp-content\/uploads\/2015\/07\/BulletinSFS-51.pdf\" target=\"_blank\" rel=\"noopener noreferrer\">Bulletin SFS 51<\/a><br \/>\n<a href=\"https:\/\/sfs.infosyslab.fr\/wp-content\/uploads\/2015\/07\/BulletinSFS-50.pdf\" target=\"_blank\" rel=\"noopener noreferrer\">Bulletin SFS 50<\/a><br \/>\n<a href=\"https:\/\/sfs.infosyslab.fr\/wp-content\/uploads\/2015\/07\/BulletinSFS-49.pdf\" target=\"_blank\" rel=\"noopener noreferrer\">Bulletin SFS 49<\/a><br \/>\n<a href=\"https:\/\/sfs.infosyslab.fr\/wp-content\/uploads\/2017\/02\/Bulletin-SFS-48.pdf\" target=\"_blank\" rel=\"noopener noreferrer\">Bulletin SFS 48<\/a><br \/>\n<a href=\"https:\/\/sfs.infosyslab.fr\/wp-content\/uploads\/2015\/07\/BulletinSFS-47.pdf\" target=\"_blank\" rel=\"noopener noreferrer\">Bulletin SFS 47<\/a><br \/>\n<a href=\"https:\/\/sfs.infosyslab.fr\/wp-content\/uploads\/2015\/07\/Bulletin-SFS-45-46.pdf\" target=\"_blank\" rel=\"noopener noreferrer\">Bulletin SFS 45 et 46<\/a><br \/>\n<a href=\"https:\/\/sfs.infosyslab.fr\/wp-content\/uploads\/2015\/07\/BulletinSFS-44.pdf\" target=\"_blank\" rel=\"noopener noreferrer\">Bulletin SFS 44<\/a><br \/>\n<a href=\"https:\/\/sfs.infosyslab.fr\/wp-content\/uploads\/2015\/07\/BulletinSFS-43.pdf\" target=\"_blank\" rel=\"noopener noreferrer\">Bulletin SFS 43<br \/>\n<\/a><a href=\"https:\/\/sfs.infosyslab.fr\/wp-content\/uploads\/2015\/07\/BulletinSFS-42.pdf\" target=\"_blank\" rel=\"noopener noreferrer\">Bulletin SFS 42<br \/>\n<\/a><a href=\"https:\/\/sfs.infosyslab.fr\/wp-content\/uploads\/2015\/07\/BulletinSFS-41.pdf\" target=\"_blank\" rel=\"noopener noreferrer\">Bulletin SFS 41<br \/>\n<\/a><a href=\"https:\/\/sfs.infosyslab.fr\/wp-content\/uploads\/2015\/07\/BulletinSFS-40.pdf\" target=\"_blank\" rel=\"noopener noreferrer\">Bulletin SFS 40<br \/>\n<\/a><a href=\"https:\/\/sfs.infosyslab.fr\/wp-content\/uploads\/2015\/07\/BulletinSFS-39.pdf\" target=\"_blank\" rel=\"noopener noreferrer\">Bulletin SFS 39<br \/>\n<\/a><a href=\"https:\/\/sfs.infosyslab.fr\/wp-content\/uploads\/2015\/07\/BulletinSFS-38.pdf\" target=\"_blank\" rel=\"noopener noreferrer\">Bulletin SFS 38<br \/>\n<\/a><a href=\"https:\/\/sfs.infosyslab.fr\/wp-content\/uploads\/2015\/07\/BulletinSFS-37.pdf\" target=\"_blank\" rel=\"noopener noreferrer\">Bulletin SFS 37<br \/>\n<\/a><a href=\"https:\/\/sfs.infosyslab.fr\/wp-content\/uploads\/2015\/07\/BulletinSFS-36.pdf\" target=\"_blank\" rel=\"noopener noreferrer\">Bulletin SFS 36<br \/>\n<\/a><a href=\"https:\/\/sfs.infosyslab.fr\/wp-content\/uploads\/2015\/07\/BulletinSFS-35.pdf\" target=\"_blank\" rel=\"noopener noreferrer\">Bulletin SFS 35<br \/>\n<\/a><a href=\"https:\/\/sfs.infosyslab.fr\/wp-content\/uploads\/2015\/07\/BulletinSFS-34.pdf\" target=\"_blank\" rel=\"noopener noreferrer\">Bulletin SFS 34<br \/>\n<\/a><a href=\"https:\/\/sfs.infosyslab.fr\/wp-content\/uploads\/2015\/07\/BulletinSFS-33.pdf\" target=\"_blank\" rel=\"noopener noreferrer\">Bulletin SFS 33<br \/>\n<\/a><a href=\"https:\/\/sfs.infosyslab.fr\/wp-content\/uploads\/2015\/07\/BulletinSFS-32.pdf\" target=\"_blank\" rel=\"noopener noreferrer\">Bulletin SFS 32<br \/>\n<\/a><a href=\"https:\/\/sfs.infosyslab.fr\/wp-content\/uploads\/2015\/07\/BulletinSFS-31.pdf\" target=\"_blank\" rel=\"noopener noreferrer\">Bulletin SFS 31<br \/>\n<\/a><a href=\"https:\/\/sfs.infosyslab.fr\/wp-content\/uploads\/2015\/07\/BulletinSFS-30.pdf\" target=\"_blank\" rel=\"noopener noreferrer\">Bulletin SFS 30<br \/>\n<\/a><a href=\"https:\/\/sfs.infosyslab.fr\/wp-content\/uploads\/2015\/07\/BulletinSFS-29.pdf\" target=\"_blank\" rel=\"noopener noreferrer\">Bulletin SFS 29<br \/>\n<\/a><a href=\"https:\/\/sfs.infosyslab.fr\/wp-content\/uploads\/2015\/07\/BulletinSFS-28.pdf\" target=\"_blank\" rel=\"noopener noreferrer\">Bulletin SFS 28<\/a><br \/>\n<a href=\"https:\/\/sfs.infosyslab.fr\/wp-content\/uploads\/2015\/07\/Bulletin-SFS-27-OCR.pdf\">Bulletin SFS 27<\/a><br \/>\n<a href=\"https:\/\/sfs.infosyslab.fr\/wp-content\/uploads\/2015\/07\/BulletinSFS-26.pdf\" target=\"_blank\" rel=\"noopener noreferrer\">Bulletin SFS 26<br \/>\n<\/a><a href=\"https:\/\/sfs.infosyslab.fr\/wp-content\/uploads\/2015\/07\/BulletinSFS-25.pdf\" target=\"_blank\" rel=\"noopener noreferrer\">Bulletin SFS 25<br \/>\n<\/a><a href=\"https:\/\/sfs.infosyslab.fr\/wp-content\/uploads\/2015\/07\/BulletinSFS-24.pdf\" target=\"_blank\" rel=\"noopener noreferrer\">Bulletin SFS 24<br \/>\n<\/a><a href=\"https:\/\/sfs.infosyslab.fr\/wp-content\/uploads\/2015\/07\/Bulletin-SFS-23.pdf\" target=\"_blank\" rel=\"noopener noreferrer\">Bulletin SFS 23<\/a><br \/>\n<a href=\"https:\/\/sfs.infosyslab.fr\/wp-content\/uploads\/2015\/07\/BulletinSFS-22.pdf\" target=\"_blank\" rel=\"noopener noreferrer\">Bulletin SFS 22<br \/>\n<\/a><a href=\"https:\/\/sfs.infosyslab.fr\/wp-content\/uploads\/2015\/07\/BulletinSFS-21.pdf\" target=\"_blank\" rel=\"noopener noreferrer\">Bulletin SFS 21<br \/>\n<\/a><a href=\"https:\/\/sfs.infosyslab.fr\/wp-content\/uploads\/2015\/07\/Bulletin-SFS-20.pdf\" target=\"_blank\" rel=\"noopener noreferrer\">Bulletin SFS 20<\/a><br \/>\n<a href=\"https:\/\/sfs.infosyslab.fr\/wp-content\/uploads\/2015\/07\/BulletinSFS-19.pdf\" target=\"_blank\" rel=\"noopener noreferrer\">Bulletin SFS 19<br \/>\n<\/a><a href=\"https:\/\/sfs.infosyslab.fr\/wp-content\/uploads\/2015\/07\/BulletinSFS-18.pdf\" target=\"_blank\" rel=\"noopener noreferrer\">Bulletin SFS 18<\/a><br \/>\n<a href=\"https:\/\/sfs.infosyslab.fr\/wp-content\/uploads\/2015\/07\/Bulletin-SFS-16-OCR.pdf\">Bulletin SFS 17<\/a><br \/>\n<a href=\"https:\/\/sfs.infosyslab.fr\/wp-content\/uploads\/2015\/07\/Bulletin-SFS-16-OCR.pdf\">Bulletin SFS 16<\/a><br \/>\n<a href=\"https:\/\/sfs.infosyslab.fr\/wp-content\/uploads\/2015\/07\/Bulletin-SFS-15-OCR.pdf\">Bulletin SFS 15<\/a><br \/>\n<a href=\"https:\/\/sfs.infosyslab.fr\/wp-content\/uploads\/2015\/07\/Bulletin-SFS-14-OCR.pdf\">Bulletin SFS 14<\/a><br \/>\n<a href=\"https:\/\/sfs.infosyslab.fr\/wp-content\/uploads\/2015\/07\/Bulletin-SFS-13-OCR.pdf\">Bulletin SFS 13<\/a><br \/>\n<a href=\"https:\/\/sfs.infosyslab.fr\/wp-content\/uploads\/2015\/07\/Bulletin-SFS-12-OCR.pdf\">Bulletin SFS 12<\/a><br \/>\n<a href=\"https:\/\/sfs.infosyslab.fr\/wp-content\/uploads\/2015\/07\/Bulletin-SFS-11-OCR.pdf\">Bulletin SFS 11<\/a><br \/>\n<a href=\"https:\/\/sfs.infosyslab.fr\/wp-content\/uploads\/2015\/07\/Bulletin-SFS-10-OCR.pdf\">Bulletin SFS 10<\/a><br \/>\n<a href=\"https:\/\/sfs.infosyslab.fr\/wp-content\/uploads\/2015\/07\/Bulletin-SFS-9-OCR.pdf\">Bulletin SFS 9<\/a><br \/>\n<a href=\"https:\/\/sfs.infosyslab.fr\/wp-content\/uploads\/2015\/07\/Bulletin-SFS-8-OCR.pdf\">Bulletin SFS 8<\/a><br \/>\n<a href=\"https:\/\/sfs.infosyslab.fr\/wp-content\/uploads\/2015\/07\/Bulletin-SFS-7-OCR.pdf\">Bulletin SFS 7<\/a><br \/>\n<a href=\"https:\/\/sfs.infosyslab.fr\/wp-content\/uploads\/2015\/07\/Bulletin-SFS-6-OCR.pdf\">Bulletin SFS 6<\/a><br \/>\n<a href=\"https:\/\/sfs.infosyslab.fr\/wp-content\/uploads\/2015\/07\/Bulletin-SFS-5-OCR.pdf\">Bulletin SFS 5<\/a><br \/>\n<a href=\"https:\/\/sfs.infosyslab.fr\/wp-content\/uploads\/2015\/07\/Bulletin-SFS-4-OCR.pdf\">Bulletin SFS 4<\/a><br \/>\n<a href=\"https:\/\/sfs.infosyslab.fr\/wp-content\/uploads\/2015\/07\/Bulletin-SFS-3-OCR.pdf\">Bulletin SFS 3<\/a><br \/>\n<a href=\"https:\/\/sfs.infosyslab.fr\/wp-content\/uploads\/2015\/07\/Bulletin-SFS-2-OCR.pdf\">Bulletin SFS 2<\/a><br \/>\n<a href=\"https:\/\/sfs.infosyslab.fr\/wp-content\/uploads\/2015\/07\/Bulletin-SFS-1-OCR.pdf\">Bulletin SFS 1<\/a><br \/>\n<a href=\"https:\/\/sfs.infosyslab.fr\/wp-content\/uploads\/2015\/07\/Bulletin-SFS-0-OCR.pdf\">Bulletin SFS 0<\/a><br \/>\n<a href=\"https:\/\/sfs.infosyslab.fr\/wp-content\/uploads\/2015\/07\/Bulletin-SFS-00-OCR.pdf\">Bulletin SFS 00<\/a><\/p>\n<\/div>\n<p><!--more--><\/p>\n","protected":false},"excerpt":{"rendered":"<p>Le Bulletin de la Soci\u00e9t\u00e9 Fran\u00e7aise de Syst\u00e9matique est une publication p\u00e9riodique (ISSN 1240-3253) \u00e9dit\u00e9e deux fois par an et adress\u00e9e gratuitement \u00e0 tous les membres de la SFS. R\u00e9dacteur en chef : Bouziane Khalloufi Vous trouverez ci-dessous les bulletins qui sont disponibles. Volumes complets Bulletin SFS 64 Bulletin SFS 63 Bulletin SFS 62 Bulletin [&hellip;]<\/p>\n","protected":false},"author":1,"featured_media":0,"parent":0,"menu_order":0,"comment_status":"closed","ping_status":"open","template":"","meta":{"_monsterinsights_skip_tracking":false,"_monsterinsights_sitenote_active":false,"_monsterinsights_sitenote_note":"","_monsterinsights_sitenote_category":0,"footnotes":""},"class_list":["post-57","page","type-page","status-publish","hentry"],"_links":{"self":[{"href":"https:\/\/sfs.infosyslab.fr\/index.php\/wp-json\/wp\/v2\/pages\/57","targetHints":{"allow":["GET"]}}],"collection":[{"href":"https:\/\/sfs.infosyslab.fr\/index.php\/wp-json\/wp\/v2\/pages"}],"about":[{"href":"https:\/\/sfs.infosyslab.fr\/index.php\/wp-json\/wp\/v2\/types\/page"}],"author":[{"embeddable":true,"href":"https:\/\/sfs.infosyslab.fr\/index.php\/wp-json\/wp\/v2\/users\/1"}],"replies":[{"embeddable":true,"href":"https:\/\/sfs.infosyslab.fr\/index.php\/wp-json\/wp\/v2\/comments?post=57"}],"version-history":[{"count":26,"href":"https:\/\/sfs.infosyslab.fr\/index.php\/wp-json\/wp\/v2\/pages\/57\/revisions"}],"predecessor-version":[{"id":1058,"href":"https:\/\/sfs.infosyslab.fr\/index.php\/wp-json\/wp\/v2\/pages\/57\/revisions\/1058"}],"wp:attachment":[{"href":"https:\/\/sfs.infosyslab.fr\/index.php\/wp-json\/wp\/v2\/media?parent=57"}],"curies":[{"name":"wp","href":"https:\/\/api.w.org\/{rel}","templated":true}]}}