{"id":599,"date":"2018-10-09T11:50:14","date_gmt":"2018-10-09T10:50:14","guid":{"rendered":"http:\/\/sfs.snv.jussieu.fr\/?page_id=599"},"modified":"2020-12-17T17:02:06","modified_gmt":"2020-12-17T16:02:06","slug":"la-reconstruction-phylogenetique","status":"publish","type":"page","link":"https:\/\/sfs.infosyslab.fr\/index.php\/la-reconstruction-phylogenetique\/","title":{"rendered":"La Reconstruction Phylog\u00e9n\u00e9tique"},"content":{"rendered":"<div>L&#8217;ouvrage &#8220;La reconstruction phylog\u00e9n\u00e9tique. Concepts et m\u00e9thodes (Nouvelle \u00e9dition revue et augment\u00e9e)&#8221; est paru aux Editions Mat\u00e9riologiques et est disponible \u00e0 la commande sur le site des EMs via le lien suivant :<\/div>\n<div><\/div>\n<div><a href=\"https:\/\/materiologiques.com\/fr\/sciences-philosophie\/267-reconstruction-phylogenetique-concepts-et-methodes-9782373611724.html\" target=\"_blank\" rel=\"noopener noreferrer\" data-saferedirecturl=\"https:\/\/www.google.com\/url?q=https:\/\/materiologiques.com\/fr\/sciences-philosophie\/267-reconstruction-phylogenetique-concepts-et-methodes-9782373611724.html&amp;source=gmail&amp;ust=1608289302588000&amp;usg=AFQjCNFlGwE6LEZdIQqK3N50n4-DE5MrAA\">https:\/\/materiologiques.com\/<wbr>fr\/sciences-philosophie\/267-<wbr>reconstruction-phylogenetique-<wbr>concepts-et-methodes-<wbr>9782373611724.html<\/a><\/div>\n","protected":false},"excerpt":{"rendered":"<p>L&#8217;ouvrage &#8220;La reconstruction phylog\u00e9n\u00e9tique. Concepts et m\u00e9thodes (Nouvelle \u00e9dition revue et augment\u00e9e)&#8221; est paru aux Editions Mat\u00e9riologiques et est disponible \u00e0 la commande sur le site des EMs via le lien suivant : https:\/\/materiologiques.com\/fr\/sciences-philosophie\/267-reconstruction-phylogenetique-concepts-et-methodes-9782373611724.html<\/p>\n","protected":false},"author":1,"featured_media":0,"parent":0,"menu_order":0,"comment_status":"closed","ping_status":"closed","template":"","meta":{"_monsterinsights_skip_tracking":false,"_monsterinsights_sitenote_active":false,"_monsterinsights_sitenote_note":"","_monsterinsights_sitenote_category":0,"footnotes":""},"class_list":["post-599","page","type-page","status-publish","hentry"],"_links":{"self":[{"href":"https:\/\/sfs.infosyslab.fr\/index.php\/wp-json\/wp\/v2\/pages\/599","targetHints":{"allow":["GET"]}}],"collection":[{"href":"https:\/\/sfs.infosyslab.fr\/index.php\/wp-json\/wp\/v2\/pages"}],"about":[{"href":"https:\/\/sfs.infosyslab.fr\/index.php\/wp-json\/wp\/v2\/types\/page"}],"author":[{"embeddable":true,"href":"https:\/\/sfs.infosyslab.fr\/index.php\/wp-json\/wp\/v2\/users\/1"}],"replies":[{"embeddable":true,"href":"https:\/\/sfs.infosyslab.fr\/index.php\/wp-json\/wp\/v2\/comments?post=599"}],"version-history":[{"count":3,"href":"https:\/\/sfs.infosyslab.fr\/index.php\/wp-json\/wp\/v2\/pages\/599\/revisions"}],"predecessor-version":[{"id":802,"href":"https:\/\/sfs.infosyslab.fr\/index.php\/wp-json\/wp\/v2\/pages\/599\/revisions\/802"}],"wp:attachment":[{"href":"https:\/\/sfs.infosyslab.fr\/index.php\/wp-json\/wp\/v2\/media?parent=599"}],"curies":[{"name":"wp","href":"https:\/\/api.w.org\/{rel}","templated":true}]}}