{"id":72,"date":"2015-07-27T22:47:41","date_gmt":"2015-07-27T21:47:41","guid":{"rendered":"http:\/\/sfs.snv.jussieu.fr\/\/?page_id=72"},"modified":"2024-05-29T10:38:26","modified_gmt":"2024-05-29T09:38:26","slug":"systematics-and-biogeography","status":"publish","type":"page","link":"https:\/\/sfs.infosyslab.fr\/index.php\/systematics-and-biogeography\/","title":{"rendered":"Systematics and Biogeography"},"content":{"rendered":"<p>Par Gareth Nelson and Norman Platnick<\/p>\n<p>Retouvez cet ouvrage sur le site &#8220;University of California Press&#8221; en t\u00e9l\u00e9chargement libre.<\/p>\n<p><a href=\"http:\/\/content.ucpress.edu\/chapters\/nelson_systematics_and_biogeography.pdf\">http:\/\/content.ucpress.edu\/chapters\/nelson_systematics_and_biogeography.pdf<\/a><\/p>\n\n\n<p>Nous vous invitons \u00e0 d\u00e9couvrir la traduction en fran\u00e7ais de l&#8217;ouvrage original, par Paul Chatelain, Valentin Rineau, Paul Zaharias, avec les illustrations de Malcolm Sanders et la postface in\u00e9dite par Daniel Goujet. Vous pouvez t\u00e9l\u00e9charger l&#8217;ouvrage en acc\u00e8s libre :<\/p>\n\n\n\n<p><a href=\"https:\/\/hal.science\/hal-04529990\">https:\/\/hal.science\/hal-04529990<\/a> <br><\/p>\n\n\n\n<p><br><\/p>\n\n\n\n<div class=\"wp-block-image\"><figure class=\"aligncenter size-full is-resized\"><a href=\"https:\/\/sfs.infosyslab.fr\/wp-content\/uploads\/2024\/05\/Syste\u0301matique-et-bioge\u0301ographie_illustration.png\"><img loading=\"lazy\" decoding=\"async\" src=\"https:\/\/sfs.infosyslab.fr\/wp-content\/uploads\/2024\/05\/Syste\u0301matique-et-bioge\u0301ographie_illustration.png\" alt=\"\" class=\"wp-image-1100\" width=\"222\" height=\"336\" srcset=\"https:\/\/sfs.infosyslab.fr\/wp-content\/uploads\/2024\/05\/Syste\u0301matique-et-bioge\u0301ographie_illustration.png 571w, https:\/\/sfs.infosyslab.fr\/wp-content\/uploads\/2024\/05\/Syste\u0301matique-et-bioge\u0301ographie_illustration-198x300.png 198w\" sizes=\"auto, (max-width: 222px) 100vw, 222px\" \/><\/a><\/figure><\/div>\n\n\n\n<p class=\"has-text-align-center\"><strong>Syst\u00e9matique et Biog\u00e9ographie : Cladistique et Vicariance<\/strong><br>Gareth Nelson et Norman Platnick (1981)<br>Traduit par Paul Chatelain, Valentin Rineau et Paul Zaharias &#8211; illustr\u00e9 par Malcolm Sanders (2024)<br>Postface in\u00e9dite de Daniel Goujet<\/p>\n","protected":false},"excerpt":{"rendered":"<p>Par Gareth Nelson and Norman Platnick Retouvez cet ouvrage sur le site &#8220;University of California Press&#8221; en t\u00e9l\u00e9chargement libre. http:\/\/content.ucpress.edu\/chapters\/nelson_systematics_and_biogeography.pdf Nous vous invitons \u00e0 d\u00e9couvrir la traduction en fran\u00e7ais de l&#8217;ouvrage original, par Paul Chatelain, Valentin Rineau, Paul Zaharias, avec les illustrations de Malcolm Sanders et la postface in\u00e9dite par Daniel Goujet. Vous pouvez t\u00e9l\u00e9charger [&hellip;]<\/p>\n","protected":false},"author":1,"featured_media":0,"parent":0,"menu_order":0,"comment_status":"closed","ping_status":"open","template":"","meta":{"_monsterinsights_skip_tracking":false,"_monsterinsights_sitenote_active":false,"_monsterinsights_sitenote_note":"","_monsterinsights_sitenote_category":0,"footnotes":""},"class_list":["post-72","page","type-page","status-publish","hentry"],"_links":{"self":[{"href":"https:\/\/sfs.infosyslab.fr\/index.php\/wp-json\/wp\/v2\/pages\/72","targetHints":{"allow":["GET"]}}],"collection":[{"href":"https:\/\/sfs.infosyslab.fr\/index.php\/wp-json\/wp\/v2\/pages"}],"about":[{"href":"https:\/\/sfs.infosyslab.fr\/index.php\/wp-json\/wp\/v2\/types\/page"}],"author":[{"embeddable":true,"href":"https:\/\/sfs.infosyslab.fr\/index.php\/wp-json\/wp\/v2\/users\/1"}],"replies":[{"embeddable":true,"href":"https:\/\/sfs.infosyslab.fr\/index.php\/wp-json\/wp\/v2\/comments?post=72"}],"version-history":[{"count":11,"href":"https:\/\/sfs.infosyslab.fr\/index.php\/wp-json\/wp\/v2\/pages\/72\/revisions"}],"predecessor-version":[{"id":1130,"href":"https:\/\/sfs.infosyslab.fr\/index.php\/wp-json\/wp\/v2\/pages\/72\/revisions\/1130"}],"wp:attachment":[{"href":"https:\/\/sfs.infosyslab.fr\/index.php\/wp-json\/wp\/v2\/media?parent=72"}],"curies":[{"name":"wp","href":"https:\/\/api.w.org\/{rel}","templated":true}]}}