{"id":729,"date":"2020-05-27T10:39:04","date_gmt":"2020-05-27T09:39:04","guid":{"rendered":"http:\/\/sfs.snv.jussieu.fr\/?page_id=729"},"modified":"2020-05-27T10:39:28","modified_gmt":"2020-05-27T09:39:28","slug":"chaine-youtube","status":"publish","type":"page","link":"https:\/\/sfs.infosyslab.fr\/index.php\/chaine-youtube\/","title":{"rendered":"Entretiens de syst\u00e9maticiens"},"content":{"rendered":"<p>Dans le cadre de ses missions de valorisation de la syst\u00e9matique et de ses m\u00e9tiers, la Soci\u00e9t\u00e9 Fran\u00e7aise de Syst\u00e9matique souhaite d\u00e9velopper un programme de t\u00e9moignages des acteurs francophones de la syst\u00e9matique. Sous la forme d\u2019entretiens vid\u00e9o, les syt\u00e9maticiens pass\u00e9s \u00e0 la question y sont libres d\u2019aborder leur vision de la syst\u00e9matique, leurs recherches et missions ou encore leur formation scolaire. Nous esp\u00e9rons que ce format offrira un nouveau regard de la syst\u00e9matique dans sa diversit\u00e9, tant aux membres de la SFS qu\u2019aux amateurs curieux.<\/p>\n\n\n<p> <br><strong>Vous pouvez d&#8217;ores et d\u00e9j\u00e0 vous abonner \u00e0 la <\/strong><a href=\"https:\/\/www.youtube.com\/channel\/UCQMOFQbZ3DtHYFknVAZXnyg\/\"><strong>chaine youtube de la SFS<\/strong><\/a><strong> pour ne rien manquer des prochaines sorties!<\/strong> <strong><br><\/strong><\/p>\n\n\n\n<pre class=\"wp-block-preformatted\"><center>\n<iframe loading=\"lazy\" src=\"https:\/\/www.youtube.com\/embed\/2AY2E0gFWK0\" allow=\"accelerometer; autoplay; encrypted-media; gyroscope; picture-in-picture\" allowfullscreen=\"\" width=\"560\" height=\"315\" frameborder=\"0\"><\/iframe>\n<iframe loading=\"lazy\" src=\"https:\/\/www.youtube.com\/embed\/x2ZwRYC-n1I\" allow=\"accelerometer; autoplay; encrypted-media; gyroscope; picture-in-picture\" allowfullscreen=\"\" width=\"560\" height=\"315\" frameborder=\"0\"><\/iframe>\n<iframe loading=\"lazy\" src=\"https:\/\/www.youtube.com\/embed\/L3RPXYQWSLM\" allow=\"accelerometer; autoplay; encrypted-media; gyroscope; picture-in-picture\" allowfullscreen=\"\" width=\"560\" height=\"315\" frameborder=\"0\"><\/iframe>\n<iframe loading=\"lazy\" src=\"https:\/\/www.youtube.com\/embed\/Xz6KXM7dcZI\" allow=\"accelerometer; autoplay; encrypted-media; gyroscope; picture-in-picture\" allowfullscreen=\"\" width=\"560\" height=\"315\" frameborder=\"0\"><\/iframe>\n<\/center><\/pre>\n\n\n<p><!--EndFragment--><br>\n<br>\n<\/p>","protected":false},"excerpt":{"rendered":"<p>Dans le cadre de ses missions de valorisation de la syst\u00e9matique et de ses m\u00e9tiers, la Soci\u00e9t\u00e9 Fran\u00e7aise de Syst\u00e9matique souhaite d\u00e9velopper un programme de t\u00e9moignages des acteurs francophones de la syst\u00e9matique. Sous la forme d\u2019entretiens vid\u00e9o, les syt\u00e9maticiens pass\u00e9s \u00e0 la question y sont libres d\u2019aborder leur vision de la syst\u00e9matique, leurs recherches et [&hellip;]<\/p>\n","protected":false},"author":1,"featured_media":0,"parent":0,"menu_order":0,"comment_status":"closed","ping_status":"closed","template":"","meta":{"_monsterinsights_skip_tracking":false,"_monsterinsights_sitenote_active":false,"_monsterinsights_sitenote_note":"","_monsterinsights_sitenote_category":0,"footnotes":""},"class_list":["post-729","page","type-page","status-publish","hentry"],"_links":{"self":[{"href":"https:\/\/sfs.infosyslab.fr\/index.php\/wp-json\/wp\/v2\/pages\/729","targetHints":{"allow":["GET"]}}],"collection":[{"href":"https:\/\/sfs.infosyslab.fr\/index.php\/wp-json\/wp\/v2\/pages"}],"about":[{"href":"https:\/\/sfs.infosyslab.fr\/index.php\/wp-json\/wp\/v2\/types\/page"}],"author":[{"embeddable":true,"href":"https:\/\/sfs.infosyslab.fr\/index.php\/wp-json\/wp\/v2\/users\/1"}],"replies":[{"embeddable":true,"href":"https:\/\/sfs.infosyslab.fr\/index.php\/wp-json\/wp\/v2\/comments?post=729"}],"version-history":[{"count":2,"href":"https:\/\/sfs.infosyslab.fr\/index.php\/wp-json\/wp\/v2\/pages\/729\/revisions"}],"predecessor-version":[{"id":732,"href":"https:\/\/sfs.infosyslab.fr\/index.php\/wp-json\/wp\/v2\/pages\/729\/revisions\/732"}],"wp:attachment":[{"href":"https:\/\/sfs.infosyslab.fr\/index.php\/wp-json\/wp\/v2\/media?parent=729"}],"curies":[{"name":"wp","href":"https:\/\/api.w.org\/{rel}","templated":true}]}}